{"id":6533,"date":"2024-12-04T13:24:10","date_gmt":"2024-12-04T12:24:10","guid":{"rendered":"http:\/\/janjaprokic.com\/produkt\/necklace-large-nebula-with-aquamarine\/"},"modified":"2025-11-10T15:37:33","modified_gmt":"2025-11-10T14:37:33","slug":"necklace-large-nebula-with-aquamarine","status":"publish","type":"product","link":"https:\/\/janjaprokic.com\/en\/product\/necklace-large-nebula-with-aquamarine\/","title":{"rendered":"Necklace Large Nebula with Aquamarine"},"content":{"rendered":"<p>14K certified gold<\/p>\n<p>Aquamarine &#8220;Mozambique&#8221; 0.77ct<\/p>\n<p>Diamonds VS1-F 0.125ct<\/p>\n<p>Length: three positions 40, 42, 44cm<\/p>\n<p>Pendant length: 17 mm<\/p>\n<p>&nbsp;<\/p>\n<p>The seller informs the buyer that due to the handmade nature of the goods and the fact that each individual piece is an original, the ordered product may differ slightly from the photo on the e-shop.<\/p>\n","protected":false},"excerpt":{"rendered":"<p>From Amor Fati collection.<\/p>\n<p>Crafted in 14K certified gold with 0.77 carat Aquamarine as a&nbsp;centre stone and with a&nbsp;total of 0.125 carat VS1-F diamonds.<\/p>\n<p>Handmade in our own workshop in Prague.<\/p>\n","protected":false},"featured_media":7087,"template":"","meta":{"_acf_changed":false},"product_brand":[],"product_cat":[104,247],"product_tag":[118],"class_list":{"0":"post-6533","1":"product","2":"type-product","3":"status-publish","4":"has-post-thumbnail","6":"product_cat-necklaces","7":"product_cat-bestsellers-en","8":"product_tag-amor-fati","10":"first","11":"instock","12":"taxable","13":"shipping-taxable","14":"purchasable","15":"product-type-variable","16":"has-default-attributes","17":"add-to-wishlist-before_image","18":"rtwpvg-product"},"acf":[],"yoast_head":"<!-- This site is optimized with the Yoast SEO plugin v25.6 - https:\/\/yoast.com\/wordpress\/plugins\/seo\/ -->\n<title>Necklace Large Nebula with Aquamarine - Janja Proki\u0107<\/title>\n<meta name=\"robots\" content=\"index, follow, max-snippet:-1, max-image-preview:large, max-video-preview:-1\" \/>\n<link rel=\"canonical\" href=\"https:\/\/janjaprokic.com\/en\/product\/necklace-large-nebula-with-aquamarine\/\" \/>\n<meta property=\"og:locale\" content=\"en_US\" \/>\n<meta property=\"og:type\" content=\"article\" \/>\n<meta property=\"og:title\" content=\"Necklace Large Nebula with Aquamarine - Janja Proki\u0107\" \/>\n<meta property=\"og:description\" content=\"From Amor Fati collection.  Crafted in 14K certified gold with 0.77 carat Aquamarine as a centre stone and with a total of 0.125 carat VS1-F diamonds.  Handmade in our own workshop in Prague.\" \/>\n<meta property=\"og:url\" content=\"https:\/\/janjaprokic.com\/en\/product\/necklace-large-nebula-with-aquamarine\/\" \/>\n<meta property=\"og:site_name\" content=\"Janja Proki\u0107\" \/>\n<meta property=\"article:modified_time\" content=\"2025-11-10T14:37:33+00:00\" \/>\n<meta property=\"og:image\" content=\"https:\/\/janjaprokic.com\/wp-content\/uploads\/2025\/02\/Nahrdelnik-mlhovina-s-akvamarinem-01-zlute-zlato.png\" \/>\n\t<meta property=\"og:image:width\" content=\"2060\" \/>\n\t<meta property=\"og:image:height\" content=\"2060\" \/>\n\t<meta property=\"og:image:type\" content=\"image\/png\" \/>\n<meta name=\"twitter:card\" content=\"summary_large_image\" \/>\n<script type=\"application\/ld+json\" class=\"yoast-schema-graph\">{\"@context\":\"https:\/\/schema.org\",\"@graph\":[{\"@type\":\"WebPage\",\"@id\":\"https:\/\/janjaprokic.com\/en\/product\/necklace-large-nebula-with-aquamarine\/\",\"url\":\"https:\/\/janjaprokic.com\/en\/product\/necklace-large-nebula-with-aquamarine\/\",\"name\":\"Necklace Large Nebula with Aquamarine - Janja Proki\u0107\",\"isPartOf\":{\"@id\":\"https:\/\/janjaprokic.com\/#website\"},\"primaryImageOfPage\":{\"@id\":\"https:\/\/janjaprokic.com\/en\/product\/necklace-large-nebula-with-aquamarine\/#primaryimage\"},\"image\":{\"@id\":\"https:\/\/janjaprokic.com\/en\/product\/necklace-large-nebula-with-aquamarine\/#primaryimage\"},\"thumbnailUrl\":\"https:\/\/janjaprokic.com\/wp-content\/uploads\/2025\/02\/Nahrdelnik-mlhovina-s-akvamarinem-01-zlute-zlato.png\",\"datePublished\":\"2024-12-04T12:24:10+00:00\",\"dateModified\":\"2025-11-10T14:37:33+00:00\",\"breadcrumb\":{\"@id\":\"https:\/\/janjaprokic.com\/en\/product\/necklace-large-nebula-with-aquamarine\/#breadcrumb\"},\"inLanguage\":\"en-US\",\"potentialAction\":[{\"@type\":\"ReadAction\",\"target\":[\"https:\/\/janjaprokic.com\/en\/product\/necklace-large-nebula-with-aquamarine\/\"]}]},{\"@type\":\"ImageObject\",\"inLanguage\":\"en-US\",\"@id\":\"https:\/\/janjaprokic.com\/en\/product\/necklace-large-nebula-with-aquamarine\/#primaryimage\",\"url\":\"https:\/\/janjaprokic.com\/wp-content\/uploads\/2025\/02\/Nahrdelnik-mlhovina-s-akvamarinem-01-zlute-zlato.png\",\"contentUrl\":\"https:\/\/janjaprokic.com\/wp-content\/uploads\/2025\/02\/Nahrdelnik-mlhovina-s-akvamarinem-01-zlute-zlato.png\",\"width\":2060,\"height\":2060,\"caption\":\"Amor Fati N\u00e1hrdeln\u00edk mlhovina s akvamar\u00ednem \u017elut\u00e9 zlato Janja Proki\u0107\"},{\"@type\":\"BreadcrumbList\",\"@id\":\"https:\/\/janjaprokic.com\/en\/product\/necklace-large-nebula-with-aquamarine\/#breadcrumb\",\"itemListElement\":[{\"@type\":\"ListItem\",\"position\":1,\"name\":\"Dom\u016f\",\"item\":\"https:\/\/janjaprokic.com\/en\/\"},{\"@type\":\"ListItem\",\"position\":2,\"name\":\"All jewellery\",\"item\":\"https:\/\/janjaprokic.com\/en\/shop\/\"},{\"@type\":\"ListItem\",\"position\":3,\"name\":\"Necklace Large Nebula with Aquamarine\"}]},{\"@type\":\"WebSite\",\"@id\":\"https:\/\/janjaprokic.com\/#website\",\"url\":\"https:\/\/janjaprokic.com\/\",\"name\":\"Janja Proki\u0107\",\"description\":\"V\u00edce ne\u017e \u0161perky\",\"publisher\":{\"@id\":\"https:\/\/janjaprokic.com\/#\/schema\/person\/df679b5592370f06b575ef01e09af8fa\"},\"potentialAction\":[{\"@type\":\"SearchAction\",\"target\":{\"@type\":\"EntryPoint\",\"urlTemplate\":\"https:\/\/janjaprokic.com\/?s={search_term_string}\"},\"query-input\":{\"@type\":\"PropertyValueSpecification\",\"valueRequired\":true,\"valueName\":\"search_term_string\"}}],\"inLanguage\":\"en-US\"},{\"@type\":[\"Person\",\"Organization\"],\"@id\":\"https:\/\/janjaprokic.com\/#\/schema\/person\/df679b5592370f06b575ef01e09af8fa\",\"name\":\"janjaprokic\",\"image\":{\"@type\":\"ImageObject\",\"inLanguage\":\"en-US\",\"@id\":\"https:\/\/janjaprokic.com\/#\/schema\/person\/image\/\",\"url\":\"https:\/\/janjaprokic.com\/wp-content\/uploads\/2025\/06\/Jan-Zima-JT-Banka-2025-04-scaled-e1749048016724.jpg\",\"contentUrl\":\"https:\/\/janjaprokic.com\/wp-content\/uploads\/2025\/06\/Jan-Zima-JT-Banka-2025-04-scaled-e1749048016724.jpg\",\"width\":1920,\"height\":1290,\"caption\":\"janjaprokic\"},\"logo\":{\"@id\":\"https:\/\/janjaprokic.com\/#\/schema\/person\/image\/\"}}]}<\/script>\n<!-- \/ Yoast SEO plugin. -->","yoast_head_json":{"title":"Necklace Large Nebula with Aquamarine - Janja Proki\u0107","robots":{"index":"index","follow":"follow","max-snippet":"max-snippet:-1","max-image-preview":"max-image-preview:large","max-video-preview":"max-video-preview:-1"},"canonical":"https:\/\/janjaprokic.com\/en\/product\/necklace-large-nebula-with-aquamarine\/","og_locale":"en_US","og_type":"article","og_title":"Necklace Large Nebula with Aquamarine - Janja Proki\u0107","og_description":"From Amor Fati collection.  Crafted in 14K certified gold with 0.77 carat Aquamarine as a centre stone and with a total of 0.125 carat VS1-F diamonds.  Handmade in our own workshop in Prague.","og_url":"https:\/\/janjaprokic.com\/en\/product\/necklace-large-nebula-with-aquamarine\/","og_site_name":"Janja Proki\u0107","article_modified_time":"2025-11-10T14:37:33+00:00","og_image":[{"width":2060,"height":2060,"url":"https:\/\/janjaprokic.com\/wp-content\/uploads\/2025\/02\/Nahrdelnik-mlhovina-s-akvamarinem-01-zlute-zlato.png","type":"image\/png"}],"twitter_card":"summary_large_image","schema":{"@context":"https:\/\/schema.org","@graph":[{"@type":"WebPage","@id":"https:\/\/janjaprokic.com\/en\/product\/necklace-large-nebula-with-aquamarine\/","url":"https:\/\/janjaprokic.com\/en\/product\/necklace-large-nebula-with-aquamarine\/","name":"Necklace Large Nebula with Aquamarine - Janja Proki\u0107","isPartOf":{"@id":"https:\/\/janjaprokic.com\/#website"},"primaryImageOfPage":{"@id":"https:\/\/janjaprokic.com\/en\/product\/necklace-large-nebula-with-aquamarine\/#primaryimage"},"image":{"@id":"https:\/\/janjaprokic.com\/en\/product\/necklace-large-nebula-with-aquamarine\/#primaryimage"},"thumbnailUrl":"https:\/\/janjaprokic.com\/wp-content\/uploads\/2025\/02\/Nahrdelnik-mlhovina-s-akvamarinem-01-zlute-zlato.png","datePublished":"2024-12-04T12:24:10+00:00","dateModified":"2025-11-10T14:37:33+00:00","breadcrumb":{"@id":"https:\/\/janjaprokic.com\/en\/product\/necklace-large-nebula-with-aquamarine\/#breadcrumb"},"inLanguage":"en-US","potentialAction":[{"@type":"ReadAction","target":["https:\/\/janjaprokic.com\/en\/product\/necklace-large-nebula-with-aquamarine\/"]}]},{"@type":"ImageObject","inLanguage":"en-US","@id":"https:\/\/janjaprokic.com\/en\/product\/necklace-large-nebula-with-aquamarine\/#primaryimage","url":"https:\/\/janjaprokic.com\/wp-content\/uploads\/2025\/02\/Nahrdelnik-mlhovina-s-akvamarinem-01-zlute-zlato.png","contentUrl":"https:\/\/janjaprokic.com\/wp-content\/uploads\/2025\/02\/Nahrdelnik-mlhovina-s-akvamarinem-01-zlute-zlato.png","width":2060,"height":2060,"caption":"Amor Fati N\u00e1hrdeln\u00edk mlhovina s akvamar\u00ednem \u017elut\u00e9 zlato Janja Proki\u0107"},{"@type":"BreadcrumbList","@id":"https:\/\/janjaprokic.com\/en\/product\/necklace-large-nebula-with-aquamarine\/#breadcrumb","itemListElement":[{"@type":"ListItem","position":1,"name":"Dom\u016f","item":"https:\/\/janjaprokic.com\/en\/"},{"@type":"ListItem","position":2,"name":"All jewellery","item":"https:\/\/janjaprokic.com\/en\/shop\/"},{"@type":"ListItem","position":3,"name":"Necklace Large Nebula with Aquamarine"}]},{"@type":"WebSite","@id":"https:\/\/janjaprokic.com\/#website","url":"https:\/\/janjaprokic.com\/","name":"Janja Proki\u0107","description":"V\u00edce ne\u017e \u0161perky","publisher":{"@id":"https:\/\/janjaprokic.com\/#\/schema\/person\/df679b5592370f06b575ef01e09af8fa"},"potentialAction":[{"@type":"SearchAction","target":{"@type":"EntryPoint","urlTemplate":"https:\/\/janjaprokic.com\/?s={search_term_string}"},"query-input":{"@type":"PropertyValueSpecification","valueRequired":true,"valueName":"search_term_string"}}],"inLanguage":"en-US"},{"@type":["Person","Organization"],"@id":"https:\/\/janjaprokic.com\/#\/schema\/person\/df679b5592370f06b575ef01e09af8fa","name":"janjaprokic","image":{"@type":"ImageObject","inLanguage":"en-US","@id":"https:\/\/janjaprokic.com\/#\/schema\/person\/image\/","url":"https:\/\/janjaprokic.com\/wp-content\/uploads\/2025\/06\/Jan-Zima-JT-Banka-2025-04-scaled-e1749048016724.jpg","contentUrl":"https:\/\/janjaprokic.com\/wp-content\/uploads\/2025\/06\/Jan-Zima-JT-Banka-2025-04-scaled-e1749048016724.jpg","width":1920,"height":1290,"caption":"janjaprokic"},"logo":{"@id":"https:\/\/janjaprokic.com\/#\/schema\/person\/image\/"}}]}},"_links":{"self":[{"href":"https:\/\/janjaprokic.com\/en\/wp-json\/wp\/v2\/product\/6533","targetHints":{"allow":["GET"]}}],"collection":[{"href":"https:\/\/janjaprokic.com\/en\/wp-json\/wp\/v2\/product"}],"about":[{"href":"https:\/\/janjaprokic.com\/en\/wp-json\/wp\/v2\/types\/product"}],"wp:featuredmedia":[{"embeddable":true,"href":"https:\/\/janjaprokic.com\/en\/wp-json\/wp\/v2\/media\/7087"}],"wp:attachment":[{"href":"https:\/\/janjaprokic.com\/en\/wp-json\/wp\/v2\/media?parent=6533"}],"wp:term":[{"taxonomy":"product_brand","embeddable":true,"href":"https:\/\/janjaprokic.com\/en\/wp-json\/wp\/v2\/product_brand?post=6533"},{"taxonomy":"product_cat","embeddable":true,"href":"https:\/\/janjaprokic.com\/en\/wp-json\/wp\/v2\/product_cat?post=6533"},{"taxonomy":"product_tag","embeddable":true,"href":"https:\/\/janjaprokic.com\/en\/wp-json\/wp\/v2\/product_tag?post=6533"}],"curies":[{"name":"wp","href":"https:\/\/api.w.org\/{rel}","templated":true}]}}