{"id":6523,"date":"2024-09-24T13:53:31","date_gmt":"2024-09-24T11:53:31","guid":{"rendered":"http:\/\/janjaprokic.com\/produkt\/ring-signet-starry-forest-with-rose-quartz\/"},"modified":"2026-04-02T12:49:59","modified_gmt":"2026-04-02T10:49:59","slug":"ring-signet-starry-forest-with-rose-quartz","status":"publish","type":"product","link":"https:\/\/janjaprokic.com\/en\/product\/ring-signet-starry-forest-with-rose-quartz\/","title":{"rendered":"Ring signet Starry forest with rose quartz"},"content":{"rendered":"<p>Rose Quartz &#8220;Mosambique&#8221; 15 mm<\/p>\n<p>Diamonds VS1-F 0.11ct<\/p>\n<p>&nbsp;<\/p>\n<p>The seller informs the buyer that due to the handmade nature of the goods and the fact that each individual piece is an original, the ordered product may differ slightly from the photo on the e-shop.<\/p>\n","protected":false},"excerpt":{"rendered":"<p>From Amor Fati collection.<\/p>\n<p>Crafted in 14K certified gold, limited edition with Rose Quartz AAA as a&nbsp;centre stone.<\/p>\n<p>Handmade in our own workshop in Prague.<span class=\"Apple-converted-space\">\u00a0<\/span><\/p>\n","protected":false},"featured_media":19197,"template":"","meta":{"_acf_changed":false},"product_brand":[],"product_cat":[111,279],"product_tag":[118],"class_list":{"0":"post-6523","1":"product","2":"type-product","3":"status-publish","4":"has-post-thumbnail","6":"product_cat-rings","7":"product_cat-limited","8":"product_tag-amor-fati","10":"first","11":"instock","12":"taxable","13":"shipping-taxable","14":"purchasable","15":"product-type-variable","16":"has-default-attributes","17":"add-to-wishlist-before_image","18":"rtwpvg-product"},"acf":[],"yoast_head":"<!-- This site is optimized with the Yoast SEO plugin v25.6 - https:\/\/yoast.com\/wordpress\/plugins\/seo\/ -->\n<title>Ring signet Starry forest with rose quartz - Janja Proki\u0107<\/title>\n<meta name=\"robots\" content=\"index, follow, max-snippet:-1, max-image-preview:large, max-video-preview:-1\" \/>\n<link rel=\"canonical\" href=\"https:\/\/janjaprokic.com\/en\/product\/ring-signet-starry-forest-with-rose-quartz\/\" \/>\n<meta property=\"og:locale\" content=\"en_US\" \/>\n<meta property=\"og:type\" content=\"article\" \/>\n<meta property=\"og:title\" content=\"Ring signet Starry forest with rose quartz - Janja Proki\u0107\" \/>\n<meta property=\"og:description\" content=\"From Amor Fati collection.  Crafted in 14K certified gold, limited edition with Rose Quartz AAA as a centre stone.  Handmade in our own workshop in Prague.\u00a0\" \/>\n<meta property=\"og:url\" content=\"https:\/\/janjaprokic.com\/en\/product\/ring-signet-starry-forest-with-rose-quartz\/\" \/>\n<meta property=\"og:site_name\" content=\"Janja Proki\u0107\" \/>\n<meta property=\"article:modified_time\" content=\"2026-04-02T10:49:59+00:00\" \/>\n<meta property=\"og:image\" content=\"https:\/\/janjaprokic.com\/wp-content\/uploads\/2024\/09\/Prsten-pecetni-Hvezdny-Les-s-ruzeninem-01_zlato-scaled.png\" \/>\n\t<meta property=\"og:image:width\" content=\"2560\" \/>\n\t<meta property=\"og:image:height\" content=\"2560\" \/>\n\t<meta property=\"og:image:type\" content=\"image\/png\" \/>\n<meta name=\"twitter:card\" content=\"summary_large_image\" \/>\n<meta name=\"twitter:label1\" content=\"Est. reading time\" \/>\n\t<meta name=\"twitter:data1\" content=\"1 minute\" \/>\n<script type=\"application\/ld+json\" class=\"yoast-schema-graph\">{\"@context\":\"https:\/\/schema.org\",\"@graph\":[{\"@type\":\"WebPage\",\"@id\":\"https:\/\/janjaprokic.com\/en\/product\/ring-signet-starry-forest-with-rose-quartz\/\",\"url\":\"https:\/\/janjaprokic.com\/en\/product\/ring-signet-starry-forest-with-rose-quartz\/\",\"name\":\"Ring signet Starry forest with rose quartz - Janja Proki\u0107\",\"isPartOf\":{\"@id\":\"https:\/\/janjaprokic.com\/#website\"},\"primaryImageOfPage\":{\"@id\":\"https:\/\/janjaprokic.com\/en\/product\/ring-signet-starry-forest-with-rose-quartz\/#primaryimage\"},\"image\":{\"@id\":\"https:\/\/janjaprokic.com\/en\/product\/ring-signet-starry-forest-with-rose-quartz\/#primaryimage\"},\"thumbnailUrl\":\"https:\/\/janjaprokic.com\/wp-content\/uploads\/2024\/09\/Prsten-pecetni-Hvezdny-Les-s-ruzeninem-01_zlato-scaled.png\",\"datePublished\":\"2024-09-24T11:53:31+00:00\",\"dateModified\":\"2026-04-02T10:49:59+00:00\",\"breadcrumb\":{\"@id\":\"https:\/\/janjaprokic.com\/en\/product\/ring-signet-starry-forest-with-rose-quartz\/#breadcrumb\"},\"inLanguage\":\"en-US\",\"potentialAction\":[{\"@type\":\"ReadAction\",\"target\":[\"https:\/\/janjaprokic.com\/en\/product\/ring-signet-starry-forest-with-rose-quartz\/\"]}]},{\"@type\":\"ImageObject\",\"inLanguage\":\"en-US\",\"@id\":\"https:\/\/janjaprokic.com\/en\/product\/ring-signet-starry-forest-with-rose-quartz\/#primaryimage\",\"url\":\"https:\/\/janjaprokic.com\/wp-content\/uploads\/2024\/09\/Prsten-pecetni-Hvezdny-Les-s-ruzeninem-01_zlato-scaled.png\",\"contentUrl\":\"https:\/\/janjaprokic.com\/wp-content\/uploads\/2024\/09\/Prsten-pecetni-Hvezdny-Les-s-ruzeninem-01_zlato-scaled.png\",\"width\":2060,\"height\":2060},{\"@type\":\"BreadcrumbList\",\"@id\":\"https:\/\/janjaprokic.com\/en\/product\/ring-signet-starry-forest-with-rose-quartz\/#breadcrumb\",\"itemListElement\":[{\"@type\":\"ListItem\",\"position\":1,\"name\":\"Dom\u016f\",\"item\":\"https:\/\/janjaprokic.com\/en\/\"},{\"@type\":\"ListItem\",\"position\":2,\"name\":\"All jewellery\",\"item\":\"https:\/\/janjaprokic.com\/en\/shop\/\"},{\"@type\":\"ListItem\",\"position\":3,\"name\":\"Ring signet Starry forest with rose quartz\"}]},{\"@type\":\"WebSite\",\"@id\":\"https:\/\/janjaprokic.com\/#website\",\"url\":\"https:\/\/janjaprokic.com\/\",\"name\":\"Janja Proki\u0107\",\"description\":\"V\u00edce ne\u017e \u0161perky\",\"publisher\":{\"@id\":\"https:\/\/janjaprokic.com\/#\/schema\/person\/df679b5592370f06b575ef01e09af8fa\"},\"potentialAction\":[{\"@type\":\"SearchAction\",\"target\":{\"@type\":\"EntryPoint\",\"urlTemplate\":\"https:\/\/janjaprokic.com\/?s={search_term_string}\"},\"query-input\":{\"@type\":\"PropertyValueSpecification\",\"valueRequired\":true,\"valueName\":\"search_term_string\"}}],\"inLanguage\":\"en-US\"},{\"@type\":[\"Person\",\"Organization\"],\"@id\":\"https:\/\/janjaprokic.com\/#\/schema\/person\/df679b5592370f06b575ef01e09af8fa\",\"name\":\"janjaprokic\",\"image\":{\"@type\":\"ImageObject\",\"inLanguage\":\"en-US\",\"@id\":\"https:\/\/janjaprokic.com\/#\/schema\/person\/image\/\",\"url\":\"https:\/\/janjaprokic.com\/wp-content\/uploads\/2025\/06\/Jan-Zima-JT-Banka-2025-04-scaled-e1749048016724.jpg\",\"contentUrl\":\"https:\/\/janjaprokic.com\/wp-content\/uploads\/2025\/06\/Jan-Zima-JT-Banka-2025-04-scaled-e1749048016724.jpg\",\"width\":1920,\"height\":1290,\"caption\":\"janjaprokic\"},\"logo\":{\"@id\":\"https:\/\/janjaprokic.com\/#\/schema\/person\/image\/\"}}]}<\/script>\n<!-- \/ Yoast SEO plugin. -->","yoast_head_json":{"title":"Ring signet Starry forest with rose quartz - Janja Proki\u0107","robots":{"index":"index","follow":"follow","max-snippet":"max-snippet:-1","max-image-preview":"max-image-preview:large","max-video-preview":"max-video-preview:-1"},"canonical":"https:\/\/janjaprokic.com\/en\/product\/ring-signet-starry-forest-with-rose-quartz\/","og_locale":"en_US","og_type":"article","og_title":"Ring signet Starry forest with rose quartz - Janja Proki\u0107","og_description":"From Amor Fati collection.  Crafted in 14K certified gold, limited edition with Rose Quartz AAA as a centre stone.  Handmade in our own workshop in Prague.\u00a0","og_url":"https:\/\/janjaprokic.com\/en\/product\/ring-signet-starry-forest-with-rose-quartz\/","og_site_name":"Janja Proki\u0107","article_modified_time":"2026-04-02T10:49:59+00:00","og_image":[{"width":2560,"height":2560,"url":"https:\/\/janjaprokic.com\/wp-content\/uploads\/2024\/09\/Prsten-pecetni-Hvezdny-Les-s-ruzeninem-01_zlato-scaled.png","type":"image\/png"}],"twitter_card":"summary_large_image","twitter_misc":{"Est. reading time":"1 minute"},"schema":{"@context":"https:\/\/schema.org","@graph":[{"@type":"WebPage","@id":"https:\/\/janjaprokic.com\/en\/product\/ring-signet-starry-forest-with-rose-quartz\/","url":"https:\/\/janjaprokic.com\/en\/product\/ring-signet-starry-forest-with-rose-quartz\/","name":"Ring signet Starry forest with rose quartz - Janja Proki\u0107","isPartOf":{"@id":"https:\/\/janjaprokic.com\/#website"},"primaryImageOfPage":{"@id":"https:\/\/janjaprokic.com\/en\/product\/ring-signet-starry-forest-with-rose-quartz\/#primaryimage"},"image":{"@id":"https:\/\/janjaprokic.com\/en\/product\/ring-signet-starry-forest-with-rose-quartz\/#primaryimage"},"thumbnailUrl":"https:\/\/janjaprokic.com\/wp-content\/uploads\/2024\/09\/Prsten-pecetni-Hvezdny-Les-s-ruzeninem-01_zlato-scaled.png","datePublished":"2024-09-24T11:53:31+00:00","dateModified":"2026-04-02T10:49:59+00:00","breadcrumb":{"@id":"https:\/\/janjaprokic.com\/en\/product\/ring-signet-starry-forest-with-rose-quartz\/#breadcrumb"},"inLanguage":"en-US","potentialAction":[{"@type":"ReadAction","target":["https:\/\/janjaprokic.com\/en\/product\/ring-signet-starry-forest-with-rose-quartz\/"]}]},{"@type":"ImageObject","inLanguage":"en-US","@id":"https:\/\/janjaprokic.com\/en\/product\/ring-signet-starry-forest-with-rose-quartz\/#primaryimage","url":"https:\/\/janjaprokic.com\/wp-content\/uploads\/2024\/09\/Prsten-pecetni-Hvezdny-Les-s-ruzeninem-01_zlato-scaled.png","contentUrl":"https:\/\/janjaprokic.com\/wp-content\/uploads\/2024\/09\/Prsten-pecetni-Hvezdny-Les-s-ruzeninem-01_zlato-scaled.png","width":2060,"height":2060},{"@type":"BreadcrumbList","@id":"https:\/\/janjaprokic.com\/en\/product\/ring-signet-starry-forest-with-rose-quartz\/#breadcrumb","itemListElement":[{"@type":"ListItem","position":1,"name":"Dom\u016f","item":"https:\/\/janjaprokic.com\/en\/"},{"@type":"ListItem","position":2,"name":"All jewellery","item":"https:\/\/janjaprokic.com\/en\/shop\/"},{"@type":"ListItem","position":3,"name":"Ring signet Starry forest with rose quartz"}]},{"@type":"WebSite","@id":"https:\/\/janjaprokic.com\/#website","url":"https:\/\/janjaprokic.com\/","name":"Janja Proki\u0107","description":"V\u00edce ne\u017e \u0161perky","publisher":{"@id":"https:\/\/janjaprokic.com\/#\/schema\/person\/df679b5592370f06b575ef01e09af8fa"},"potentialAction":[{"@type":"SearchAction","target":{"@type":"EntryPoint","urlTemplate":"https:\/\/janjaprokic.com\/?s={search_term_string}"},"query-input":{"@type":"PropertyValueSpecification","valueRequired":true,"valueName":"search_term_string"}}],"inLanguage":"en-US"},{"@type":["Person","Organization"],"@id":"https:\/\/janjaprokic.com\/#\/schema\/person\/df679b5592370f06b575ef01e09af8fa","name":"janjaprokic","image":{"@type":"ImageObject","inLanguage":"en-US","@id":"https:\/\/janjaprokic.com\/#\/schema\/person\/image\/","url":"https:\/\/janjaprokic.com\/wp-content\/uploads\/2025\/06\/Jan-Zima-JT-Banka-2025-04-scaled-e1749048016724.jpg","contentUrl":"https:\/\/janjaprokic.com\/wp-content\/uploads\/2025\/06\/Jan-Zima-JT-Banka-2025-04-scaled-e1749048016724.jpg","width":1920,"height":1290,"caption":"janjaprokic"},"logo":{"@id":"https:\/\/janjaprokic.com\/#\/schema\/person\/image\/"}}]}},"_links":{"self":[{"href":"https:\/\/janjaprokic.com\/en\/wp-json\/wp\/v2\/product\/6523","targetHints":{"allow":["GET"]}}],"collection":[{"href":"https:\/\/janjaprokic.com\/en\/wp-json\/wp\/v2\/product"}],"about":[{"href":"https:\/\/janjaprokic.com\/en\/wp-json\/wp\/v2\/types\/product"}],"wp:featuredmedia":[{"embeddable":true,"href":"https:\/\/janjaprokic.com\/en\/wp-json\/wp\/v2\/media\/19197"}],"wp:attachment":[{"href":"https:\/\/janjaprokic.com\/en\/wp-json\/wp\/v2\/media?parent=6523"}],"wp:term":[{"taxonomy":"product_brand","embeddable":true,"href":"https:\/\/janjaprokic.com\/en\/wp-json\/wp\/v2\/product_brand?post=6523"},{"taxonomy":"product_cat","embeddable":true,"href":"https:\/\/janjaprokic.com\/en\/wp-json\/wp\/v2\/product_cat?post=6523"},{"taxonomy":"product_tag","embeddable":true,"href":"https:\/\/janjaprokic.com\/en\/wp-json\/wp\/v2\/product_tag?post=6523"}],"curies":[{"name":"wp","href":"https:\/\/api.w.org\/{rel}","templated":true}]}}