{"id":30215,"date":"2026-01-29T16:49:51","date_gmt":"2026-01-29T15:49:51","guid":{"rendered":"https:\/\/janjaprokic.com\/?post_type=product&#038;p=30215"},"modified":"2026-01-29T16:49:51","modified_gmt":"2026-01-29T15:49:51","slug":"engagement-ring-iris-with-diamond","status":"publish","type":"product","link":"https:\/\/janjaprokic.com\/en\/product\/engagement-ring-iris-with-diamond\/","title":{"rendered":"Engagement ring Iris with Diamond"},"content":{"rendered":"<p><span style=\"font-weight: 400;\">14K certified gold\u00a0<\/span><\/p>\n<p>Central Diamond VS1-F 0.35ct with international GIA certificate<\/p>\n<p><span style=\"font-weight: 400;\">Diamonds VS1-F 0.056ct<\/span><\/p>\n<p>&nbsp;<\/p>\n<p>The Seller informs the Buyer that due to the fact that the goods are hand made and that each individual piece is therefore an original, the ordered product may differ a\u00a0little from the photograph on the e-shop.<\/p>\n","protected":false},"excerpt":{"rendered":"<p>From Eir\u00e9n\u00e9 collection.<\/p>\n<p>Crafted in 14K certified gold, limited edition with 0.35 carat VS1-F diamond as a&nbsp;centre stone delivered with international GIA certificate.<\/p>\n<p>Handmade in our own workshop in Prague.<\/p>\n","protected":false},"featured_media":30353,"template":"","meta":{"_acf_changed":false},"product_brand":[],"product_cat":[111,310],"product_tag":[312],"class_list":{"0":"post-30215","1":"product","2":"type-product","3":"status-publish","4":"has-post-thumbnail","6":"product_cat-rings","7":"product_cat-engagement-and-wedding-rings","8":"product_tag-eirene-en","10":"first","11":"instock","12":"taxable","13":"shipping-taxable","14":"purchasable","15":"product-type-variable","16":"has-default-attributes","17":"add-to-wishlist-before_image","18":"rtwpvg-product"},"acf":[],"yoast_head":"<!-- This site is optimized with the Yoast SEO plugin v25.6 - https:\/\/yoast.com\/wordpress\/plugins\/seo\/ -->\n<title>Engagement ring Iris with Diamond - Janja Proki\u0107<\/title>\n<meta name=\"robots\" content=\"index, follow, max-snippet:-1, max-image-preview:large, max-video-preview:-1\" \/>\n<link rel=\"canonical\" href=\"https:\/\/janjaprokic.com\/en\/product\/engagement-ring-iris-with-diamond\/\" \/>\n<meta property=\"og:locale\" content=\"en_US\" \/>\n<meta property=\"og:type\" content=\"article\" \/>\n<meta property=\"og:title\" content=\"Engagement ring Iris with Diamond - Janja Proki\u0107\" \/>\n<meta property=\"og:description\" content=\"From Eir\u00e9n\u00e9 collection.  Crafted in 14K certified gold, limited edition with 0.35 carat VS1-F diamond as a centre stone delivered with international GIA certificate.  Handmade in our own workshop in Prague.\" \/>\n<meta property=\"og:url\" content=\"https:\/\/janjaprokic.com\/en\/product\/engagement-ring-iris-with-diamond\/\" \/>\n<meta property=\"og:site_name\" content=\"Janja Proki\u0107\" \/>\n<meta name=\"twitter:card\" content=\"summary_large_image\" \/>\n<meta name=\"twitter:label1\" content=\"Est. reading time\" \/>\n\t<meta name=\"twitter:data1\" content=\"1 minute\" \/>\n<script type=\"application\/ld+json\" class=\"yoast-schema-graph\">{\"@context\":\"https:\/\/schema.org\",\"@graph\":[{\"@type\":\"WebPage\",\"@id\":\"https:\/\/janjaprokic.com\/en\/product\/engagement-ring-iris-with-diamond\/\",\"url\":\"https:\/\/janjaprokic.com\/en\/product\/engagement-ring-iris-with-diamond\/\",\"name\":\"Engagement ring Iris with Diamond - Janja Proki\u0107\",\"isPartOf\":{\"@id\":\"https:\/\/janjaprokic.com\/#website\"},\"primaryImageOfPage\":{\"@id\":\"https:\/\/janjaprokic.com\/en\/product\/engagement-ring-iris-with-diamond\/#primaryimage\"},\"image\":{\"@id\":\"https:\/\/janjaprokic.com\/en\/product\/engagement-ring-iris-with-diamond\/#primaryimage\"},\"thumbnailUrl\":\"https:\/\/janjaprokic.com\/wp-content\/uploads\/2026\/01\/Zasnubni-prsten-Iris-zlute-zlato-briliant-GIA-01-scaled.png\",\"datePublished\":\"2026-01-29T15:49:51+00:00\",\"breadcrumb\":{\"@id\":\"https:\/\/janjaprokic.com\/en\/product\/engagement-ring-iris-with-diamond\/#breadcrumb\"},\"inLanguage\":\"en-US\",\"potentialAction\":[{\"@type\":\"ReadAction\",\"target\":[\"https:\/\/janjaprokic.com\/en\/product\/engagement-ring-iris-with-diamond\/\"]}]},{\"@type\":\"ImageObject\",\"inLanguage\":\"en-US\",\"@id\":\"https:\/\/janjaprokic.com\/en\/product\/engagement-ring-iris-with-diamond\/#primaryimage\",\"url\":\"https:\/\/janjaprokic.com\/wp-content\/uploads\/2026\/01\/Zasnubni-prsten-Iris-zlute-zlato-briliant-GIA-01-scaled.png\",\"contentUrl\":\"https:\/\/janjaprokic.com\/wp-content\/uploads\/2026\/01\/Zasnubni-prsten-Iris-zlute-zlato-briliant-GIA-01-scaled.png\",\"width\":2060,\"height\":2060},{\"@type\":\"BreadcrumbList\",\"@id\":\"https:\/\/janjaprokic.com\/en\/product\/engagement-ring-iris-with-diamond\/#breadcrumb\",\"itemListElement\":[{\"@type\":\"ListItem\",\"position\":1,\"name\":\"Dom\u016f\",\"item\":\"https:\/\/janjaprokic.com\/en\/\"},{\"@type\":\"ListItem\",\"position\":2,\"name\":\"All jewellery\",\"item\":\"https:\/\/janjaprokic.com\/en\/shop\/\"},{\"@type\":\"ListItem\",\"position\":3,\"name\":\"Engagement ring Iris with Diamond\"}]},{\"@type\":\"WebSite\",\"@id\":\"https:\/\/janjaprokic.com\/#website\",\"url\":\"https:\/\/janjaprokic.com\/\",\"name\":\"Janja Proki\u0107\",\"description\":\"V\u00edce ne\u017e \u0161perky\",\"publisher\":{\"@id\":\"https:\/\/janjaprokic.com\/#\/schema\/person\/df679b5592370f06b575ef01e09af8fa\"},\"potentialAction\":[{\"@type\":\"SearchAction\",\"target\":{\"@type\":\"EntryPoint\",\"urlTemplate\":\"https:\/\/janjaprokic.com\/?s={search_term_string}\"},\"query-input\":{\"@type\":\"PropertyValueSpecification\",\"valueRequired\":true,\"valueName\":\"search_term_string\"}}],\"inLanguage\":\"en-US\"},{\"@type\":[\"Person\",\"Organization\"],\"@id\":\"https:\/\/janjaprokic.com\/#\/schema\/person\/df679b5592370f06b575ef01e09af8fa\",\"name\":\"janjaprokic\",\"image\":{\"@type\":\"ImageObject\",\"inLanguage\":\"en-US\",\"@id\":\"https:\/\/janjaprokic.com\/#\/schema\/person\/image\/\",\"url\":\"https:\/\/janjaprokic.com\/wp-content\/uploads\/2025\/06\/Jan-Zima-JT-Banka-2025-04-scaled-e1749048016724.jpg\",\"contentUrl\":\"https:\/\/janjaprokic.com\/wp-content\/uploads\/2025\/06\/Jan-Zima-JT-Banka-2025-04-scaled-e1749048016724.jpg\",\"width\":1920,\"height\":1290,\"caption\":\"janjaprokic\"},\"logo\":{\"@id\":\"https:\/\/janjaprokic.com\/#\/schema\/person\/image\/\"}}]}<\/script>\n<!-- \/ Yoast SEO plugin. -->","yoast_head_json":{"title":"Engagement ring Iris with Diamond - Janja Proki\u0107","robots":{"index":"index","follow":"follow","max-snippet":"max-snippet:-1","max-image-preview":"max-image-preview:large","max-video-preview":"max-video-preview:-1"},"canonical":"https:\/\/janjaprokic.com\/en\/product\/engagement-ring-iris-with-diamond\/","og_locale":"en_US","og_type":"article","og_title":"Engagement ring Iris with Diamond - Janja Proki\u0107","og_description":"From Eir\u00e9n\u00e9 collection.  Crafted in 14K certified gold, limited edition with 0.35 carat VS1-F diamond as a centre stone delivered with international GIA certificate.  Handmade in our own workshop in Prague.","og_url":"https:\/\/janjaprokic.com\/en\/product\/engagement-ring-iris-with-diamond\/","og_site_name":"Janja Proki\u0107","twitter_card":"summary_large_image","twitter_misc":{"Est. reading time":"1 minute"},"schema":{"@context":"https:\/\/schema.org","@graph":[{"@type":"WebPage","@id":"https:\/\/janjaprokic.com\/en\/product\/engagement-ring-iris-with-diamond\/","url":"https:\/\/janjaprokic.com\/en\/product\/engagement-ring-iris-with-diamond\/","name":"Engagement ring Iris with Diamond - Janja Proki\u0107","isPartOf":{"@id":"https:\/\/janjaprokic.com\/#website"},"primaryImageOfPage":{"@id":"https:\/\/janjaprokic.com\/en\/product\/engagement-ring-iris-with-diamond\/#primaryimage"},"image":{"@id":"https:\/\/janjaprokic.com\/en\/product\/engagement-ring-iris-with-diamond\/#primaryimage"},"thumbnailUrl":"https:\/\/janjaprokic.com\/wp-content\/uploads\/2026\/01\/Zasnubni-prsten-Iris-zlute-zlato-briliant-GIA-01-scaled.png","datePublished":"2026-01-29T15:49:51+00:00","breadcrumb":{"@id":"https:\/\/janjaprokic.com\/en\/product\/engagement-ring-iris-with-diamond\/#breadcrumb"},"inLanguage":"en-US","potentialAction":[{"@type":"ReadAction","target":["https:\/\/janjaprokic.com\/en\/product\/engagement-ring-iris-with-diamond\/"]}]},{"@type":"ImageObject","inLanguage":"en-US","@id":"https:\/\/janjaprokic.com\/en\/product\/engagement-ring-iris-with-diamond\/#primaryimage","url":"https:\/\/janjaprokic.com\/wp-content\/uploads\/2026\/01\/Zasnubni-prsten-Iris-zlute-zlato-briliant-GIA-01-scaled.png","contentUrl":"https:\/\/janjaprokic.com\/wp-content\/uploads\/2026\/01\/Zasnubni-prsten-Iris-zlute-zlato-briliant-GIA-01-scaled.png","width":2060,"height":2060},{"@type":"BreadcrumbList","@id":"https:\/\/janjaprokic.com\/en\/product\/engagement-ring-iris-with-diamond\/#breadcrumb","itemListElement":[{"@type":"ListItem","position":1,"name":"Dom\u016f","item":"https:\/\/janjaprokic.com\/en\/"},{"@type":"ListItem","position":2,"name":"All jewellery","item":"https:\/\/janjaprokic.com\/en\/shop\/"},{"@type":"ListItem","position":3,"name":"Engagement ring Iris with Diamond"}]},{"@type":"WebSite","@id":"https:\/\/janjaprokic.com\/#website","url":"https:\/\/janjaprokic.com\/","name":"Janja Proki\u0107","description":"V\u00edce ne\u017e \u0161perky","publisher":{"@id":"https:\/\/janjaprokic.com\/#\/schema\/person\/df679b5592370f06b575ef01e09af8fa"},"potentialAction":[{"@type":"SearchAction","target":{"@type":"EntryPoint","urlTemplate":"https:\/\/janjaprokic.com\/?s={search_term_string}"},"query-input":{"@type":"PropertyValueSpecification","valueRequired":true,"valueName":"search_term_string"}}],"inLanguage":"en-US"},{"@type":["Person","Organization"],"@id":"https:\/\/janjaprokic.com\/#\/schema\/person\/df679b5592370f06b575ef01e09af8fa","name":"janjaprokic","image":{"@type":"ImageObject","inLanguage":"en-US","@id":"https:\/\/janjaprokic.com\/#\/schema\/person\/image\/","url":"https:\/\/janjaprokic.com\/wp-content\/uploads\/2025\/06\/Jan-Zima-JT-Banka-2025-04-scaled-e1749048016724.jpg","contentUrl":"https:\/\/janjaprokic.com\/wp-content\/uploads\/2025\/06\/Jan-Zima-JT-Banka-2025-04-scaled-e1749048016724.jpg","width":1920,"height":1290,"caption":"janjaprokic"},"logo":{"@id":"https:\/\/janjaprokic.com\/#\/schema\/person\/image\/"}}]}},"_links":{"self":[{"href":"https:\/\/janjaprokic.com\/en\/wp-json\/wp\/v2\/product\/30215","targetHints":{"allow":["GET"]}}],"collection":[{"href":"https:\/\/janjaprokic.com\/en\/wp-json\/wp\/v2\/product"}],"about":[{"href":"https:\/\/janjaprokic.com\/en\/wp-json\/wp\/v2\/types\/product"}],"wp:featuredmedia":[{"embeddable":true,"href":"https:\/\/janjaprokic.com\/en\/wp-json\/wp\/v2\/media\/30353"}],"wp:attachment":[{"href":"https:\/\/janjaprokic.com\/en\/wp-json\/wp\/v2\/media?parent=30215"}],"wp:term":[{"taxonomy":"product_brand","embeddable":true,"href":"https:\/\/janjaprokic.com\/en\/wp-json\/wp\/v2\/product_brand?post=30215"},{"taxonomy":"product_cat","embeddable":true,"href":"https:\/\/janjaprokic.com\/en\/wp-json\/wp\/v2\/product_cat?post=30215"},{"taxonomy":"product_tag","embeddable":true,"href":"https:\/\/janjaprokic.com\/en\/wp-json\/wp\/v2\/product_tag?post=30215"}],"curies":[{"name":"wp","href":"https:\/\/api.w.org\/{rel}","templated":true}]}}