{"id":26609,"date":"2025-10-31T14:22:58","date_gmt":"2025-10-31T13:22:58","guid":{"rendered":"https:\/\/janjaprokic.com\/?post_type=product&#038;p=26609"},"modified":"2025-11-04T18:08:26","modified_gmt":"2025-11-04T17:08:26","slug":"necklace-great-iris-2","status":"publish","type":"product","link":"https:\/\/janjaprokic.com\/en\/product\/necklace-great-iris-2\/","title":{"rendered":"Necklace Great Iris"},"content":{"rendered":"<p>Silver 925\/1000<\/p>\n<p>Length: 80 cm<\/p>\n<p>Pendant lenght: 85 mm<\/p>\n<p>&nbsp;<\/p>\n<p>The seller informs the buyer that due to the handmade nature of the goods and the fact that each individual piece is an original, the ordered product may differ slightly from the photo on the e-shop.<\/p>\n","protected":false},"excerpt":{"rendered":"<p>From Eir\u00e9n\u00e9 collection.<\/p>\n<p>Crafted in ruthenium-plated silver, limited edition.<\/p>\n<p>Handmade in our own workshop in Prague.<\/p>\n","protected":false},"featured_media":26688,"template":"","meta":{"_acf_changed":false},"product_brand":[],"product_cat":[104,279],"product_tag":[312],"class_list":{"0":"post-26609","1":"product","2":"type-product","3":"status-publish","4":"has-post-thumbnail","6":"product_cat-necklaces","7":"product_cat-limited","8":"product_tag-eirene-en","10":"first","11":"instock","12":"taxable","13":"shipping-taxable","14":"purchasable","15":"product-type-variable","16":"has-default-attributes","17":"add-to-wishlist-before_image","18":"rtwpvg-product"},"acf":[],"yoast_head":"<!-- This site is optimized with the Yoast SEO plugin v25.6 - https:\/\/yoast.com\/wordpress\/plugins\/seo\/ -->\n<title>Necklace Great Iris - Janja Proki\u0107<\/title>\n<meta name=\"robots\" content=\"index, follow, max-snippet:-1, max-image-preview:large, max-video-preview:-1\" \/>\n<link rel=\"canonical\" href=\"https:\/\/janjaprokic.com\/en\/product\/necklace-great-iris-2\/\" \/>\n<meta property=\"og:locale\" content=\"en_US\" \/>\n<meta property=\"og:type\" content=\"article\" \/>\n<meta property=\"og:title\" content=\"Necklace Great Iris - Janja Proki\u0107\" \/>\n<meta property=\"og:description\" content=\"From Eir\u00e9n\u00e9 collection.  Crafted in ruthenium-plated silver, limited edition.  Handmade in our own workshop in Prague.\" \/>\n<meta property=\"og:url\" content=\"https:\/\/janjaprokic.com\/en\/product\/necklace-great-iris-2\/\" \/>\n<meta property=\"og:site_name\" content=\"Janja Proki\u0107\" \/>\n<meta property=\"article:modified_time\" content=\"2025-11-04T17:08:26+00:00\" \/>\n<meta property=\"og:image\" content=\"https:\/\/janjaprokic.com\/wp-content\/uploads\/2025\/10\/Nahrdelnik-Iris-velky-ruthenium-01-scaled.png\" \/>\n\t<meta property=\"og:image:width\" content=\"2060\" \/>\n\t<meta property=\"og:image:height\" content=\"2060\" \/>\n\t<meta property=\"og:image:type\" content=\"image\/png\" \/>\n<meta name=\"twitter:card\" content=\"summary_large_image\" \/>\n<meta name=\"twitter:label1\" content=\"Est. reading time\" \/>\n\t<meta name=\"twitter:data1\" content=\"1 minute\" \/>\n<script type=\"application\/ld+json\" class=\"yoast-schema-graph\">{\"@context\":\"https:\/\/schema.org\",\"@graph\":[{\"@type\":\"WebPage\",\"@id\":\"https:\/\/janjaprokic.com\/en\/product\/necklace-great-iris-2\/\",\"url\":\"https:\/\/janjaprokic.com\/en\/product\/necklace-great-iris-2\/\",\"name\":\"Necklace Great Iris - Janja Proki\u0107\",\"isPartOf\":{\"@id\":\"https:\/\/janjaprokic.com\/#website\"},\"primaryImageOfPage\":{\"@id\":\"https:\/\/janjaprokic.com\/en\/product\/necklace-great-iris-2\/#primaryimage\"},\"image\":{\"@id\":\"https:\/\/janjaprokic.com\/en\/product\/necklace-great-iris-2\/#primaryimage\"},\"thumbnailUrl\":\"https:\/\/janjaprokic.com\/wp-content\/uploads\/2025\/10\/Nahrdelnik-Iris-velky-ruthenium-01-scaled.png\",\"datePublished\":\"2025-10-31T13:22:58+00:00\",\"dateModified\":\"2025-11-04T17:08:26+00:00\",\"breadcrumb\":{\"@id\":\"https:\/\/janjaprokic.com\/en\/product\/necklace-great-iris-2\/#breadcrumb\"},\"inLanguage\":\"en-US\",\"potentialAction\":[{\"@type\":\"ReadAction\",\"target\":[\"https:\/\/janjaprokic.com\/en\/product\/necklace-great-iris-2\/\"]}]},{\"@type\":\"ImageObject\",\"inLanguage\":\"en-US\",\"@id\":\"https:\/\/janjaprokic.com\/en\/product\/necklace-great-iris-2\/#primaryimage\",\"url\":\"https:\/\/janjaprokic.com\/wp-content\/uploads\/2025\/10\/Nahrdelnik-Iris-velky-ruthenium-01-scaled.png\",\"contentUrl\":\"https:\/\/janjaprokic.com\/wp-content\/uploads\/2025\/10\/Nahrdelnik-Iris-velky-ruthenium-01-scaled.png\",\"width\":2060,\"height\":2060},{\"@type\":\"BreadcrumbList\",\"@id\":\"https:\/\/janjaprokic.com\/en\/product\/necklace-great-iris-2\/#breadcrumb\",\"itemListElement\":[{\"@type\":\"ListItem\",\"position\":1,\"name\":\"Dom\u016f\",\"item\":\"https:\/\/janjaprokic.com\/en\/\"},{\"@type\":\"ListItem\",\"position\":2,\"name\":\"All jewellery\",\"item\":\"https:\/\/janjaprokic.com\/en\/shop\/\"},{\"@type\":\"ListItem\",\"position\":3,\"name\":\"Necklace Great Iris\"}]},{\"@type\":\"WebSite\",\"@id\":\"https:\/\/janjaprokic.com\/#website\",\"url\":\"https:\/\/janjaprokic.com\/\",\"name\":\"Janja Proki\u0107\",\"description\":\"V\u00edce ne\u017e \u0161perky\",\"publisher\":{\"@id\":\"https:\/\/janjaprokic.com\/#\/schema\/person\/df679b5592370f06b575ef01e09af8fa\"},\"potentialAction\":[{\"@type\":\"SearchAction\",\"target\":{\"@type\":\"EntryPoint\",\"urlTemplate\":\"https:\/\/janjaprokic.com\/?s={search_term_string}\"},\"query-input\":{\"@type\":\"PropertyValueSpecification\",\"valueRequired\":true,\"valueName\":\"search_term_string\"}}],\"inLanguage\":\"en-US\"},{\"@type\":[\"Person\",\"Organization\"],\"@id\":\"https:\/\/janjaprokic.com\/#\/schema\/person\/df679b5592370f06b575ef01e09af8fa\",\"name\":\"janjaprokic\",\"image\":{\"@type\":\"ImageObject\",\"inLanguage\":\"en-US\",\"@id\":\"https:\/\/janjaprokic.com\/#\/schema\/person\/image\/\",\"url\":\"https:\/\/janjaprokic.com\/wp-content\/uploads\/2025\/06\/Jan-Zima-JT-Banka-2025-04-scaled-e1749048016724.jpg\",\"contentUrl\":\"https:\/\/janjaprokic.com\/wp-content\/uploads\/2025\/06\/Jan-Zima-JT-Banka-2025-04-scaled-e1749048016724.jpg\",\"width\":1920,\"height\":1290,\"caption\":\"janjaprokic\"},\"logo\":{\"@id\":\"https:\/\/janjaprokic.com\/#\/schema\/person\/image\/\"}}]}<\/script>\n<!-- \/ Yoast SEO plugin. -->","yoast_head_json":{"title":"Necklace Great Iris - Janja Proki\u0107","robots":{"index":"index","follow":"follow","max-snippet":"max-snippet:-1","max-image-preview":"max-image-preview:large","max-video-preview":"max-video-preview:-1"},"canonical":"https:\/\/janjaprokic.com\/en\/product\/necklace-great-iris-2\/","og_locale":"en_US","og_type":"article","og_title":"Necklace Great Iris - Janja Proki\u0107","og_description":"From Eir\u00e9n\u00e9 collection.  Crafted in ruthenium-plated silver, limited edition.  Handmade in our own workshop in Prague.","og_url":"https:\/\/janjaprokic.com\/en\/product\/necklace-great-iris-2\/","og_site_name":"Janja Proki\u0107","article_modified_time":"2025-11-04T17:08:26+00:00","og_image":[{"width":2060,"height":2060,"url":"https:\/\/janjaprokic.com\/wp-content\/uploads\/2025\/10\/Nahrdelnik-Iris-velky-ruthenium-01-scaled.png","type":"image\/png"}],"twitter_card":"summary_large_image","twitter_misc":{"Est. reading time":"1 minute"},"schema":{"@context":"https:\/\/schema.org","@graph":[{"@type":"WebPage","@id":"https:\/\/janjaprokic.com\/en\/product\/necklace-great-iris-2\/","url":"https:\/\/janjaprokic.com\/en\/product\/necklace-great-iris-2\/","name":"Necklace Great Iris - Janja Proki\u0107","isPartOf":{"@id":"https:\/\/janjaprokic.com\/#website"},"primaryImageOfPage":{"@id":"https:\/\/janjaprokic.com\/en\/product\/necklace-great-iris-2\/#primaryimage"},"image":{"@id":"https:\/\/janjaprokic.com\/en\/product\/necklace-great-iris-2\/#primaryimage"},"thumbnailUrl":"https:\/\/janjaprokic.com\/wp-content\/uploads\/2025\/10\/Nahrdelnik-Iris-velky-ruthenium-01-scaled.png","datePublished":"2025-10-31T13:22:58+00:00","dateModified":"2025-11-04T17:08:26+00:00","breadcrumb":{"@id":"https:\/\/janjaprokic.com\/en\/product\/necklace-great-iris-2\/#breadcrumb"},"inLanguage":"en-US","potentialAction":[{"@type":"ReadAction","target":["https:\/\/janjaprokic.com\/en\/product\/necklace-great-iris-2\/"]}]},{"@type":"ImageObject","inLanguage":"en-US","@id":"https:\/\/janjaprokic.com\/en\/product\/necklace-great-iris-2\/#primaryimage","url":"https:\/\/janjaprokic.com\/wp-content\/uploads\/2025\/10\/Nahrdelnik-Iris-velky-ruthenium-01-scaled.png","contentUrl":"https:\/\/janjaprokic.com\/wp-content\/uploads\/2025\/10\/Nahrdelnik-Iris-velky-ruthenium-01-scaled.png","width":2060,"height":2060},{"@type":"BreadcrumbList","@id":"https:\/\/janjaprokic.com\/en\/product\/necklace-great-iris-2\/#breadcrumb","itemListElement":[{"@type":"ListItem","position":1,"name":"Dom\u016f","item":"https:\/\/janjaprokic.com\/en\/"},{"@type":"ListItem","position":2,"name":"All jewellery","item":"https:\/\/janjaprokic.com\/en\/shop\/"},{"@type":"ListItem","position":3,"name":"Necklace Great Iris"}]},{"@type":"WebSite","@id":"https:\/\/janjaprokic.com\/#website","url":"https:\/\/janjaprokic.com\/","name":"Janja Proki\u0107","description":"V\u00edce ne\u017e \u0161perky","publisher":{"@id":"https:\/\/janjaprokic.com\/#\/schema\/person\/df679b5592370f06b575ef01e09af8fa"},"potentialAction":[{"@type":"SearchAction","target":{"@type":"EntryPoint","urlTemplate":"https:\/\/janjaprokic.com\/?s={search_term_string}"},"query-input":{"@type":"PropertyValueSpecification","valueRequired":true,"valueName":"search_term_string"}}],"inLanguage":"en-US"},{"@type":["Person","Organization"],"@id":"https:\/\/janjaprokic.com\/#\/schema\/person\/df679b5592370f06b575ef01e09af8fa","name":"janjaprokic","image":{"@type":"ImageObject","inLanguage":"en-US","@id":"https:\/\/janjaprokic.com\/#\/schema\/person\/image\/","url":"https:\/\/janjaprokic.com\/wp-content\/uploads\/2025\/06\/Jan-Zima-JT-Banka-2025-04-scaled-e1749048016724.jpg","contentUrl":"https:\/\/janjaprokic.com\/wp-content\/uploads\/2025\/06\/Jan-Zima-JT-Banka-2025-04-scaled-e1749048016724.jpg","width":1920,"height":1290,"caption":"janjaprokic"},"logo":{"@id":"https:\/\/janjaprokic.com\/#\/schema\/person\/image\/"}}]}},"_links":{"self":[{"href":"https:\/\/janjaprokic.com\/en\/wp-json\/wp\/v2\/product\/26609","targetHints":{"allow":["GET"]}}],"collection":[{"href":"https:\/\/janjaprokic.com\/en\/wp-json\/wp\/v2\/product"}],"about":[{"href":"https:\/\/janjaprokic.com\/en\/wp-json\/wp\/v2\/types\/product"}],"wp:featuredmedia":[{"embeddable":true,"href":"https:\/\/janjaprokic.com\/en\/wp-json\/wp\/v2\/media\/26688"}],"wp:attachment":[{"href":"https:\/\/janjaprokic.com\/en\/wp-json\/wp\/v2\/media?parent=26609"}],"wp:term":[{"taxonomy":"product_brand","embeddable":true,"href":"https:\/\/janjaprokic.com\/en\/wp-json\/wp\/v2\/product_brand?post=26609"},{"taxonomy":"product_cat","embeddable":true,"href":"https:\/\/janjaprokic.com\/en\/wp-json\/wp\/v2\/product_cat?post=26609"},{"taxonomy":"product_tag","embeddable":true,"href":"https:\/\/janjaprokic.com\/en\/wp-json\/wp\/v2\/product_tag?post=26609"}],"curies":[{"name":"wp","href":"https:\/\/api.w.org\/{rel}","templated":true}]}}