{"id":24924,"date":"2025-10-03T16:12:02","date_gmt":"2025-10-03T14:12:02","guid":{"rendered":"https:\/\/janjaprokic.com\/?post_type=product&#038;p=24924"},"modified":"2026-03-26T15:21:20","modified_gmt":"2026-03-26T14:21:20","slug":"necklace-iris-2","status":"publish","type":"product","link":"https:\/\/janjaprokic.com\/en\/product\/necklace-iris-2\/","title":{"rendered":"Necklace Iris"},"content":{"rendered":"<p>14K certified gold<\/p>\n<p>Diamonds VS1-F 0.015ct<\/p>\n<p>Length: three positions <span style=\"font-weight: 400;\">46,5 &#8211; 44,5 &#8211; 42,5 cm<\/span><\/p>\n<p>Pendant lenght: 41 mm<\/p>\n<p>&nbsp;<\/p>\n<p>The Seller informs the Buyer that due to the fact that the goods are hand made and that each individual piece is therefore an original, the ordered product may differ a\u00a0little from the photograph on the e-shop.<\/p>\n","protected":false},"excerpt":{"rendered":"<p>From Eir\u00e9n\u00e9 collection.<\/p>\n<p>Crafted in 14K certified gold.<\/p>\n<p>Handmade in our own workshop in Prague.<\/p>\n","protected":false},"featured_media":25354,"template":"","meta":{"_acf_changed":false},"product_brand":[],"product_cat":[104,247],"product_tag":[312],"class_list":{"0":"post-24924","1":"product","2":"type-product","3":"status-publish","4":"has-post-thumbnail","6":"product_cat-necklaces","7":"product_cat-bestsellers-en","8":"product_tag-eirene-en","10":"first","11":"instock","12":"taxable","13":"shipping-taxable","14":"purchasable","15":"product-type-variable","16":"has-default-attributes","17":"add-to-wishlist-before_image","18":"rtwpvg-product"},"acf":[],"yoast_head":"<!-- This site is optimized with the Yoast SEO plugin v25.6 - https:\/\/yoast.com\/wordpress\/plugins\/seo\/ -->\n<title>Necklace Iris - Janja Proki\u0107<\/title>\n<meta name=\"robots\" content=\"index, follow, max-snippet:-1, max-image-preview:large, max-video-preview:-1\" \/>\n<link rel=\"canonical\" href=\"https:\/\/janjaprokic.com\/en\/product\/necklace-iris-2\/\" \/>\n<meta property=\"og:locale\" content=\"en_US\" \/>\n<meta property=\"og:type\" content=\"article\" \/>\n<meta property=\"og:title\" content=\"Necklace Iris - Janja Proki\u0107\" \/>\n<meta property=\"og:description\" content=\"From Eir\u00e9n\u00e9 collection.  Crafted in 14K certified gold.  Handmade in our own workshop in Prague.\" \/>\n<meta property=\"og:url\" content=\"https:\/\/janjaprokic.com\/en\/product\/necklace-iris-2\/\" \/>\n<meta property=\"og:site_name\" content=\"Janja Proki\u0107\" \/>\n<meta property=\"article:modified_time\" content=\"2026-03-26T14:21:20+00:00\" \/>\n<meta property=\"og:image\" content=\"https:\/\/janjaprokic.com\/wp-content\/uploads\/2025\/09\/Nahrdelnik-Iris-zlute-zlato-01-scaled.png\" \/>\n\t<meta property=\"og:image:width\" content=\"2060\" \/>\n\t<meta property=\"og:image:height\" content=\"2060\" \/>\n\t<meta property=\"og:image:type\" content=\"image\/png\" \/>\n<meta name=\"twitter:card\" content=\"summary_large_image\" \/>\n<meta name=\"twitter:label1\" content=\"Est. reading time\" \/>\n\t<meta name=\"twitter:data1\" content=\"1 minute\" \/>\n<script type=\"application\/ld+json\" class=\"yoast-schema-graph\">{\"@context\":\"https:\/\/schema.org\",\"@graph\":[{\"@type\":\"WebPage\",\"@id\":\"https:\/\/janjaprokic.com\/en\/product\/necklace-iris-2\/\",\"url\":\"https:\/\/janjaprokic.com\/en\/product\/necklace-iris-2\/\",\"name\":\"Necklace Iris - Janja Proki\u0107\",\"isPartOf\":{\"@id\":\"https:\/\/janjaprokic.com\/#website\"},\"primaryImageOfPage\":{\"@id\":\"https:\/\/janjaprokic.com\/en\/product\/necklace-iris-2\/#primaryimage\"},\"image\":{\"@id\":\"https:\/\/janjaprokic.com\/en\/product\/necklace-iris-2\/#primaryimage\"},\"thumbnailUrl\":\"https:\/\/janjaprokic.com\/wp-content\/uploads\/2025\/09\/Nahrdelnik-Iris-zlute-zlato-01-scaled.png\",\"datePublished\":\"2025-10-03T14:12:02+00:00\",\"dateModified\":\"2026-03-26T14:21:20+00:00\",\"breadcrumb\":{\"@id\":\"https:\/\/janjaprokic.com\/en\/product\/necklace-iris-2\/#breadcrumb\"},\"inLanguage\":\"en-US\",\"potentialAction\":[{\"@type\":\"ReadAction\",\"target\":[\"https:\/\/janjaprokic.com\/en\/product\/necklace-iris-2\/\"]}]},{\"@type\":\"ImageObject\",\"inLanguage\":\"en-US\",\"@id\":\"https:\/\/janjaprokic.com\/en\/product\/necklace-iris-2\/#primaryimage\",\"url\":\"https:\/\/janjaprokic.com\/wp-content\/uploads\/2025\/09\/Nahrdelnik-Iris-zlute-zlato-01-scaled.png\",\"contentUrl\":\"https:\/\/janjaprokic.com\/wp-content\/uploads\/2025\/09\/Nahrdelnik-Iris-zlute-zlato-01-scaled.png\",\"width\":2060,\"height\":2060},{\"@type\":\"BreadcrumbList\",\"@id\":\"https:\/\/janjaprokic.com\/en\/product\/necklace-iris-2\/#breadcrumb\",\"itemListElement\":[{\"@type\":\"ListItem\",\"position\":1,\"name\":\"Dom\u016f\",\"item\":\"https:\/\/janjaprokic.com\/en\/\"},{\"@type\":\"ListItem\",\"position\":2,\"name\":\"All jewellery\",\"item\":\"https:\/\/janjaprokic.com\/en\/shop\/\"},{\"@type\":\"ListItem\",\"position\":3,\"name\":\"Necklace Iris\"}]},{\"@type\":\"WebSite\",\"@id\":\"https:\/\/janjaprokic.com\/#website\",\"url\":\"https:\/\/janjaprokic.com\/\",\"name\":\"Janja Proki\u0107\",\"description\":\"V\u00edce ne\u017e \u0161perky\",\"publisher\":{\"@id\":\"https:\/\/janjaprokic.com\/#\/schema\/person\/df679b5592370f06b575ef01e09af8fa\"},\"potentialAction\":[{\"@type\":\"SearchAction\",\"target\":{\"@type\":\"EntryPoint\",\"urlTemplate\":\"https:\/\/janjaprokic.com\/?s={search_term_string}\"},\"query-input\":{\"@type\":\"PropertyValueSpecification\",\"valueRequired\":true,\"valueName\":\"search_term_string\"}}],\"inLanguage\":\"en-US\"},{\"@type\":[\"Person\",\"Organization\"],\"@id\":\"https:\/\/janjaprokic.com\/#\/schema\/person\/df679b5592370f06b575ef01e09af8fa\",\"name\":\"janjaprokic\",\"image\":{\"@type\":\"ImageObject\",\"inLanguage\":\"en-US\",\"@id\":\"https:\/\/janjaprokic.com\/#\/schema\/person\/image\/\",\"url\":\"https:\/\/janjaprokic.com\/wp-content\/uploads\/2025\/06\/Jan-Zima-JT-Banka-2025-04-scaled-e1749048016724.jpg\",\"contentUrl\":\"https:\/\/janjaprokic.com\/wp-content\/uploads\/2025\/06\/Jan-Zima-JT-Banka-2025-04-scaled-e1749048016724.jpg\",\"width\":1920,\"height\":1290,\"caption\":\"janjaprokic\"},\"logo\":{\"@id\":\"https:\/\/janjaprokic.com\/#\/schema\/person\/image\/\"}}]}<\/script>\n<!-- \/ Yoast SEO plugin. -->","yoast_head_json":{"title":"Necklace Iris - Janja Proki\u0107","robots":{"index":"index","follow":"follow","max-snippet":"max-snippet:-1","max-image-preview":"max-image-preview:large","max-video-preview":"max-video-preview:-1"},"canonical":"https:\/\/janjaprokic.com\/en\/product\/necklace-iris-2\/","og_locale":"en_US","og_type":"article","og_title":"Necklace Iris - Janja Proki\u0107","og_description":"From Eir\u00e9n\u00e9 collection.  Crafted in 14K certified gold.  Handmade in our own workshop in Prague.","og_url":"https:\/\/janjaprokic.com\/en\/product\/necklace-iris-2\/","og_site_name":"Janja Proki\u0107","article_modified_time":"2026-03-26T14:21:20+00:00","og_image":[{"width":2060,"height":2060,"url":"https:\/\/janjaprokic.com\/wp-content\/uploads\/2025\/09\/Nahrdelnik-Iris-zlute-zlato-01-scaled.png","type":"image\/png"}],"twitter_card":"summary_large_image","twitter_misc":{"Est. reading time":"1 minute"},"schema":{"@context":"https:\/\/schema.org","@graph":[{"@type":"WebPage","@id":"https:\/\/janjaprokic.com\/en\/product\/necklace-iris-2\/","url":"https:\/\/janjaprokic.com\/en\/product\/necklace-iris-2\/","name":"Necklace Iris - Janja Proki\u0107","isPartOf":{"@id":"https:\/\/janjaprokic.com\/#website"},"primaryImageOfPage":{"@id":"https:\/\/janjaprokic.com\/en\/product\/necklace-iris-2\/#primaryimage"},"image":{"@id":"https:\/\/janjaprokic.com\/en\/product\/necklace-iris-2\/#primaryimage"},"thumbnailUrl":"https:\/\/janjaprokic.com\/wp-content\/uploads\/2025\/09\/Nahrdelnik-Iris-zlute-zlato-01-scaled.png","datePublished":"2025-10-03T14:12:02+00:00","dateModified":"2026-03-26T14:21:20+00:00","breadcrumb":{"@id":"https:\/\/janjaprokic.com\/en\/product\/necklace-iris-2\/#breadcrumb"},"inLanguage":"en-US","potentialAction":[{"@type":"ReadAction","target":["https:\/\/janjaprokic.com\/en\/product\/necklace-iris-2\/"]}]},{"@type":"ImageObject","inLanguage":"en-US","@id":"https:\/\/janjaprokic.com\/en\/product\/necklace-iris-2\/#primaryimage","url":"https:\/\/janjaprokic.com\/wp-content\/uploads\/2025\/09\/Nahrdelnik-Iris-zlute-zlato-01-scaled.png","contentUrl":"https:\/\/janjaprokic.com\/wp-content\/uploads\/2025\/09\/Nahrdelnik-Iris-zlute-zlato-01-scaled.png","width":2060,"height":2060},{"@type":"BreadcrumbList","@id":"https:\/\/janjaprokic.com\/en\/product\/necklace-iris-2\/#breadcrumb","itemListElement":[{"@type":"ListItem","position":1,"name":"Dom\u016f","item":"https:\/\/janjaprokic.com\/en\/"},{"@type":"ListItem","position":2,"name":"All jewellery","item":"https:\/\/janjaprokic.com\/en\/shop\/"},{"@type":"ListItem","position":3,"name":"Necklace Iris"}]},{"@type":"WebSite","@id":"https:\/\/janjaprokic.com\/#website","url":"https:\/\/janjaprokic.com\/","name":"Janja Proki\u0107","description":"V\u00edce ne\u017e \u0161perky","publisher":{"@id":"https:\/\/janjaprokic.com\/#\/schema\/person\/df679b5592370f06b575ef01e09af8fa"},"potentialAction":[{"@type":"SearchAction","target":{"@type":"EntryPoint","urlTemplate":"https:\/\/janjaprokic.com\/?s={search_term_string}"},"query-input":{"@type":"PropertyValueSpecification","valueRequired":true,"valueName":"search_term_string"}}],"inLanguage":"en-US"},{"@type":["Person","Organization"],"@id":"https:\/\/janjaprokic.com\/#\/schema\/person\/df679b5592370f06b575ef01e09af8fa","name":"janjaprokic","image":{"@type":"ImageObject","inLanguage":"en-US","@id":"https:\/\/janjaprokic.com\/#\/schema\/person\/image\/","url":"https:\/\/janjaprokic.com\/wp-content\/uploads\/2025\/06\/Jan-Zima-JT-Banka-2025-04-scaled-e1749048016724.jpg","contentUrl":"https:\/\/janjaprokic.com\/wp-content\/uploads\/2025\/06\/Jan-Zima-JT-Banka-2025-04-scaled-e1749048016724.jpg","width":1920,"height":1290,"caption":"janjaprokic"},"logo":{"@id":"https:\/\/janjaprokic.com\/#\/schema\/person\/image\/"}}]}},"_links":{"self":[{"href":"https:\/\/janjaprokic.com\/en\/wp-json\/wp\/v2\/product\/24924","targetHints":{"allow":["GET"]}}],"collection":[{"href":"https:\/\/janjaprokic.com\/en\/wp-json\/wp\/v2\/product"}],"about":[{"href":"https:\/\/janjaprokic.com\/en\/wp-json\/wp\/v2\/types\/product"}],"wp:featuredmedia":[{"embeddable":true,"href":"https:\/\/janjaprokic.com\/en\/wp-json\/wp\/v2\/media\/25354"}],"wp:attachment":[{"href":"https:\/\/janjaprokic.com\/en\/wp-json\/wp\/v2\/media?parent=24924"}],"wp:term":[{"taxonomy":"product_brand","embeddable":true,"href":"https:\/\/janjaprokic.com\/en\/wp-json\/wp\/v2\/product_brand?post=24924"},{"taxonomy":"product_cat","embeddable":true,"href":"https:\/\/janjaprokic.com\/en\/wp-json\/wp\/v2\/product_cat?post=24924"},{"taxonomy":"product_tag","embeddable":true,"href":"https:\/\/janjaprokic.com\/en\/wp-json\/wp\/v2\/product_tag?post=24924"}],"curies":[{"name":"wp","href":"https:\/\/api.w.org\/{rel}","templated":true}]}}