{"id":11717,"date":"2025-02-03T13:14:39","date_gmt":"2025-02-03T12:14:39","guid":{"rendered":"http:\/\/janjaprokic.com\/produkt\/ring-opening-heart-limited-edition\/"},"modified":"2026-04-02T13:02:01","modified_gmt":"2026-04-02T11:02:01","slug":"ring-opening-heart-limited-edition","status":"publish","type":"product","link":"https:\/\/janjaprokic.com\/en\/product\/ring-opening-heart-limited-edition\/","title":{"rendered":"Ring Opening heart"},"content":{"rendered":"<p>14K certified gold<\/p>\n<p>Diamond VS1-F 0,50ct delivered with GIA certificate<\/p>\n<p>Diamonds VS1-F 0,14ct<\/p>\n<p>&nbsp;<\/p>\n<p>The seller informs the buyer that due to the handmade nature of the goods and the fact that each individual piece is an original, the ordered product may differ slightly from the photo on the e-shop.<\/p>\n","protected":false},"excerpt":{"rendered":"<p>From Amor Fati collection.<\/p>\n<p>Crafted in 14K certified gold, limited edition with 0,50 carat Top Wesselton VS1-F diamond as a&nbsp;centre stone delivered with international certificate.<\/p>\n<p>Handmade in our own workshop in Prague.<\/p>\n","protected":false},"featured_media":16034,"template":"","meta":{"_acf_changed":false},"product_brand":[],"product_cat":[111,310,279],"product_tag":[118],"class_list":{"0":"post-11717","1":"product","2":"type-product","3":"status-publish","4":"has-post-thumbnail","6":"product_cat-rings","7":"product_cat-engagement-and-wedding-rings","8":"product_cat-limited","9":"product_tag-amor-fati","11":"first","12":"outofstock","13":"taxable","14":"shipping-taxable","15":"purchasable","16":"product-type-variable","17":"has-default-attributes","18":"add-to-wishlist-before_image","19":"rtwpvg-product"},"acf":[],"yoast_head":"<!-- This site is optimized with the Yoast SEO plugin v25.6 - https:\/\/yoast.com\/wordpress\/plugins\/seo\/ -->\n<title>Ring Opening heart - Janja Proki\u0107<\/title>\n<meta name=\"robots\" content=\"index, follow, max-snippet:-1, max-image-preview:large, max-video-preview:-1\" \/>\n<link rel=\"canonical\" href=\"https:\/\/janjaprokic.com\/en\/product\/ring-opening-heart-limited-edition\/\" \/>\n<meta property=\"og:locale\" content=\"en_US\" \/>\n<meta property=\"og:type\" content=\"article\" \/>\n<meta property=\"og:title\" content=\"Ring Opening heart - Janja Proki\u0107\" \/>\n<meta property=\"og:description\" content=\"From Amor Fati collection.  Crafted in 14K certified gold, limited edition with 0,50 carat Top Wesselton VS1-F diamond as a centre stone delivered with international certificate.  Handmade in our own workshop in Prague.\" \/>\n<meta property=\"og:url\" content=\"https:\/\/janjaprokic.com\/en\/product\/ring-opening-heart-limited-edition\/\" \/>\n<meta property=\"og:site_name\" content=\"Janja Proki\u0107\" \/>\n<meta property=\"article:modified_time\" content=\"2026-04-02T11:02:01+00:00\" \/>\n<meta property=\"og:image\" content=\"https:\/\/janjaprokic.com\/wp-content\/uploads\/2025\/02\/Prsten-oteviraci-srdce-limitka-zlute-zlato-01-1024x1024.png\" \/>\n\t<meta property=\"og:image:width\" content=\"1024\" \/>\n\t<meta property=\"og:image:height\" content=\"1024\" \/>\n\t<meta property=\"og:image:type\" content=\"image\/png\" \/>\n<meta name=\"twitter:card\" content=\"summary_large_image\" \/>\n<meta name=\"twitter:label1\" content=\"Est. reading time\" \/>\n\t<meta name=\"twitter:data1\" content=\"1 minute\" \/>\n<script type=\"application\/ld+json\" class=\"yoast-schema-graph\">{\"@context\":\"https:\/\/schema.org\",\"@graph\":[{\"@type\":\"WebPage\",\"@id\":\"https:\/\/janjaprokic.com\/en\/product\/ring-opening-heart-limited-edition\/\",\"url\":\"https:\/\/janjaprokic.com\/en\/product\/ring-opening-heart-limited-edition\/\",\"name\":\"Ring Opening heart - Janja Proki\u0107\",\"isPartOf\":{\"@id\":\"https:\/\/janjaprokic.com\/#website\"},\"primaryImageOfPage\":{\"@id\":\"https:\/\/janjaprokic.com\/en\/product\/ring-opening-heart-limited-edition\/#primaryimage\"},\"image\":{\"@id\":\"https:\/\/janjaprokic.com\/en\/product\/ring-opening-heart-limited-edition\/#primaryimage\"},\"thumbnailUrl\":\"https:\/\/janjaprokic.com\/wp-content\/uploads\/2025\/02\/Prsten-oteviraci-srdce-limitka-zlute-zlato-01.png\",\"datePublished\":\"2025-02-03T12:14:39+00:00\",\"dateModified\":\"2026-04-02T11:02:01+00:00\",\"breadcrumb\":{\"@id\":\"https:\/\/janjaprokic.com\/en\/product\/ring-opening-heart-limited-edition\/#breadcrumb\"},\"inLanguage\":\"en-US\",\"potentialAction\":[{\"@type\":\"ReadAction\",\"target\":[\"https:\/\/janjaprokic.com\/en\/product\/ring-opening-heart-limited-edition\/\"]}]},{\"@type\":\"ImageObject\",\"inLanguage\":\"en-US\",\"@id\":\"https:\/\/janjaprokic.com\/en\/product\/ring-opening-heart-limited-edition\/#primaryimage\",\"url\":\"https:\/\/janjaprokic.com\/wp-content\/uploads\/2025\/02\/Prsten-oteviraci-srdce-limitka-zlute-zlato-01.png\",\"contentUrl\":\"https:\/\/janjaprokic.com\/wp-content\/uploads\/2025\/02\/Prsten-oteviraci-srdce-limitka-zlute-zlato-01.png\",\"width\":2060,\"height\":2060},{\"@type\":\"BreadcrumbList\",\"@id\":\"https:\/\/janjaprokic.com\/en\/product\/ring-opening-heart-limited-edition\/#breadcrumb\",\"itemListElement\":[{\"@type\":\"ListItem\",\"position\":1,\"name\":\"Dom\u016f\",\"item\":\"https:\/\/janjaprokic.com\/en\/\"},{\"@type\":\"ListItem\",\"position\":2,\"name\":\"All jewellery\",\"item\":\"https:\/\/janjaprokic.com\/en\/shop\/\"},{\"@type\":\"ListItem\",\"position\":3,\"name\":\"Ring Opening heart\"}]},{\"@type\":\"WebSite\",\"@id\":\"https:\/\/janjaprokic.com\/#website\",\"url\":\"https:\/\/janjaprokic.com\/\",\"name\":\"Janja Proki\u0107\",\"description\":\"V\u00edce ne\u017e \u0161perky\",\"publisher\":{\"@id\":\"https:\/\/janjaprokic.com\/#\/schema\/person\/df679b5592370f06b575ef01e09af8fa\"},\"potentialAction\":[{\"@type\":\"SearchAction\",\"target\":{\"@type\":\"EntryPoint\",\"urlTemplate\":\"https:\/\/janjaprokic.com\/?s={search_term_string}\"},\"query-input\":{\"@type\":\"PropertyValueSpecification\",\"valueRequired\":true,\"valueName\":\"search_term_string\"}}],\"inLanguage\":\"en-US\"},{\"@type\":[\"Person\",\"Organization\"],\"@id\":\"https:\/\/janjaprokic.com\/#\/schema\/person\/df679b5592370f06b575ef01e09af8fa\",\"name\":\"janjaprokic\",\"image\":{\"@type\":\"ImageObject\",\"inLanguage\":\"en-US\",\"@id\":\"https:\/\/janjaprokic.com\/#\/schema\/person\/image\/\",\"url\":\"https:\/\/janjaprokic.com\/wp-content\/uploads\/2025\/06\/Jan-Zima-JT-Banka-2025-04-scaled-e1749048016724.jpg\",\"contentUrl\":\"https:\/\/janjaprokic.com\/wp-content\/uploads\/2025\/06\/Jan-Zima-JT-Banka-2025-04-scaled-e1749048016724.jpg\",\"width\":1920,\"height\":1290,\"caption\":\"janjaprokic\"},\"logo\":{\"@id\":\"https:\/\/janjaprokic.com\/#\/schema\/person\/image\/\"}}]}<\/script>\n<!-- \/ Yoast SEO plugin. -->","yoast_head_json":{"title":"Ring Opening heart - Janja Proki\u0107","robots":{"index":"index","follow":"follow","max-snippet":"max-snippet:-1","max-image-preview":"max-image-preview:large","max-video-preview":"max-video-preview:-1"},"canonical":"https:\/\/janjaprokic.com\/en\/product\/ring-opening-heart-limited-edition\/","og_locale":"en_US","og_type":"article","og_title":"Ring Opening heart - Janja Proki\u0107","og_description":"From Amor Fati collection.  Crafted in 14K certified gold, limited edition with 0,50 carat Top Wesselton VS1-F diamond as a centre stone delivered with international certificate.  Handmade in our own workshop in Prague.","og_url":"https:\/\/janjaprokic.com\/en\/product\/ring-opening-heart-limited-edition\/","og_site_name":"Janja Proki\u0107","article_modified_time":"2026-04-02T11:02:01+00:00","og_image":[{"width":1024,"height":1024,"url":"https:\/\/janjaprokic.com\/wp-content\/uploads\/2025\/02\/Prsten-oteviraci-srdce-limitka-zlute-zlato-01-1024x1024.png","type":"image\/png"}],"twitter_card":"summary_large_image","twitter_misc":{"Est. reading time":"1 minute"},"schema":{"@context":"https:\/\/schema.org","@graph":[{"@type":"WebPage","@id":"https:\/\/janjaprokic.com\/en\/product\/ring-opening-heart-limited-edition\/","url":"https:\/\/janjaprokic.com\/en\/product\/ring-opening-heart-limited-edition\/","name":"Ring Opening heart - Janja Proki\u0107","isPartOf":{"@id":"https:\/\/janjaprokic.com\/#website"},"primaryImageOfPage":{"@id":"https:\/\/janjaprokic.com\/en\/product\/ring-opening-heart-limited-edition\/#primaryimage"},"image":{"@id":"https:\/\/janjaprokic.com\/en\/product\/ring-opening-heart-limited-edition\/#primaryimage"},"thumbnailUrl":"https:\/\/janjaprokic.com\/wp-content\/uploads\/2025\/02\/Prsten-oteviraci-srdce-limitka-zlute-zlato-01.png","datePublished":"2025-02-03T12:14:39+00:00","dateModified":"2026-04-02T11:02:01+00:00","breadcrumb":{"@id":"https:\/\/janjaprokic.com\/en\/product\/ring-opening-heart-limited-edition\/#breadcrumb"},"inLanguage":"en-US","potentialAction":[{"@type":"ReadAction","target":["https:\/\/janjaprokic.com\/en\/product\/ring-opening-heart-limited-edition\/"]}]},{"@type":"ImageObject","inLanguage":"en-US","@id":"https:\/\/janjaprokic.com\/en\/product\/ring-opening-heart-limited-edition\/#primaryimage","url":"https:\/\/janjaprokic.com\/wp-content\/uploads\/2025\/02\/Prsten-oteviraci-srdce-limitka-zlute-zlato-01.png","contentUrl":"https:\/\/janjaprokic.com\/wp-content\/uploads\/2025\/02\/Prsten-oteviraci-srdce-limitka-zlute-zlato-01.png","width":2060,"height":2060},{"@type":"BreadcrumbList","@id":"https:\/\/janjaprokic.com\/en\/product\/ring-opening-heart-limited-edition\/#breadcrumb","itemListElement":[{"@type":"ListItem","position":1,"name":"Dom\u016f","item":"https:\/\/janjaprokic.com\/en\/"},{"@type":"ListItem","position":2,"name":"All jewellery","item":"https:\/\/janjaprokic.com\/en\/shop\/"},{"@type":"ListItem","position":3,"name":"Ring Opening heart"}]},{"@type":"WebSite","@id":"https:\/\/janjaprokic.com\/#website","url":"https:\/\/janjaprokic.com\/","name":"Janja Proki\u0107","description":"V\u00edce ne\u017e \u0161perky","publisher":{"@id":"https:\/\/janjaprokic.com\/#\/schema\/person\/df679b5592370f06b575ef01e09af8fa"},"potentialAction":[{"@type":"SearchAction","target":{"@type":"EntryPoint","urlTemplate":"https:\/\/janjaprokic.com\/?s={search_term_string}"},"query-input":{"@type":"PropertyValueSpecification","valueRequired":true,"valueName":"search_term_string"}}],"inLanguage":"en-US"},{"@type":["Person","Organization"],"@id":"https:\/\/janjaprokic.com\/#\/schema\/person\/df679b5592370f06b575ef01e09af8fa","name":"janjaprokic","image":{"@type":"ImageObject","inLanguage":"en-US","@id":"https:\/\/janjaprokic.com\/#\/schema\/person\/image\/","url":"https:\/\/janjaprokic.com\/wp-content\/uploads\/2025\/06\/Jan-Zima-JT-Banka-2025-04-scaled-e1749048016724.jpg","contentUrl":"https:\/\/janjaprokic.com\/wp-content\/uploads\/2025\/06\/Jan-Zima-JT-Banka-2025-04-scaled-e1749048016724.jpg","width":1920,"height":1290,"caption":"janjaprokic"},"logo":{"@id":"https:\/\/janjaprokic.com\/#\/schema\/person\/image\/"}}]}},"_links":{"self":[{"href":"https:\/\/janjaprokic.com\/en\/wp-json\/wp\/v2\/product\/11717","targetHints":{"allow":["GET"]}}],"collection":[{"href":"https:\/\/janjaprokic.com\/en\/wp-json\/wp\/v2\/product"}],"about":[{"href":"https:\/\/janjaprokic.com\/en\/wp-json\/wp\/v2\/types\/product"}],"wp:featuredmedia":[{"embeddable":true,"href":"https:\/\/janjaprokic.com\/en\/wp-json\/wp\/v2\/media\/16034"}],"wp:attachment":[{"href":"https:\/\/janjaprokic.com\/en\/wp-json\/wp\/v2\/media?parent=11717"}],"wp:term":[{"taxonomy":"product_brand","embeddable":true,"href":"https:\/\/janjaprokic.com\/en\/wp-json\/wp\/v2\/product_brand?post=11717"},{"taxonomy":"product_cat","embeddable":true,"href":"https:\/\/janjaprokic.com\/en\/wp-json\/wp\/v2\/product_cat?post=11717"},{"taxonomy":"product_tag","embeddable":true,"href":"https:\/\/janjaprokic.com\/en\/wp-json\/wp\/v2\/product_tag?post=11717"}],"curies":[{"name":"wp","href":"https:\/\/api.w.org\/{rel}","templated":true}]}}