{"id":16351,"date":"2024-11-25T11:23:46","date_gmt":"2024-11-25T10:23:46","guid":{"rendered":"http:\/\/janjaprokic.com\/kvalita-materialu\/"},"modified":"2025-03-20T11:11:53","modified_gmt":"2025-03-20T10:11:53","slug":"material","status":"publish","type":"page","link":"https:\/\/janjaprokic.com\/en\/material\/","title":{"rendered":"Materials"},"content":{"rendered":"<div class=\"fusion-fullwidth fullwidth-box fusion-builder-row-1 fusion-flex-container has-pattern-background has-mask-background max-w nonhundred-percent-fullwidth non-hundred-percent-height-scrolling\" style=\"--awb-border-radius-top-left:0px;--awb-border-radius-top-right:0px;--awb-border-radius-bottom-right:0px;--awb-border-radius-bottom-left:0px;--awb-padding-top:4rem;--awb-flex-wrap:wrap;\" ><div class=\"fusion-builder-row fusion-row fusion-flex-align-items-flex-start fusion-flex-content-wrap\" style=\"max-width:1331.2px;margin-left: calc(-4% \/ 2 );margin-right: calc(-4% \/ 2 );\"><div class=\"fusion-layout-column fusion_builder_column fusion-builder-column-0 fusion_builder_column_1_1 1_1 fusion-flex-column\" style=\"--awb-bg-size:cover;--awb-width-large:100%;--awb-margin-top-large:0px;--awb-spacing-right-large:1.92%;--awb-margin-bottom-large:20px;--awb-spacing-left-large:1.92%;--awb-width-medium:100%;--awb-order-medium:0;--awb-spacing-right-medium:1.92%;--awb-spacing-left-medium:1.92%;--awb-width-small:100%;--awb-order-small:0;--awb-spacing-right-small:1.92%;--awb-spacing-left-small:1.92%;\"><div class=\"fusion-column-wrapper fusion-column-has-shadow fusion-flex-justify-content-flex-start fusion-content-layout-column\"><div class=\"accordian fusion-accordian\" style=\"--awb-border-size:1px;--awb-icon-size:16px;--awb-content-font-size:14px;--awb-icon-alignment:right;--awb-hover-color:var(--awb-color2);--awb-border-color:var(--awb-color3);--awb-background-color:var(--awb-color1);--awb-divider-color:var(--awb-color3);--awb-divider-hover-color:var(--awb-color3);--awb-icon-color:var(--awb-color1);--awb-title-color:var(--awb-color8);--awb-content-color:var(--awb-color8);--awb-icon-box-color:var(--awb-color8);--awb-toggle-hover-accent-color:var(--awb-color5);--awb-title-font-family:var(--awb-typography1-font-family);--awb-title-font-weight:var(--awb-typography1-font-weight);--awb-title-font-style:var(--awb-typography1-font-style);--awb-title-font-size:20px;--awb-content-font-family:var(--awb-typography4-font-family);--awb-content-font-weight:var(--awb-typography4-font-weight);--awb-content-font-style:var(--awb-typography4-font-style);\"><div class=\"panel-group fusion-toggle-icon-right fusion-toggle-icon-unboxed\" id=\"accordion-16351-1\"><div class=\"fusion-panel panel-default panel-fafe4b154a509cf72 fusion-toggle-has-divider\" style=\"--awb-title-color:var(--awb-color8);\"><div class=\"panel-heading\"><h2 class=\"panel-title toggle\" id=\"toggle_fafe4b154a509cf72\"><a class=\"active\" aria-expanded=\"true\" aria-controls=\"fafe4b154a509cf72\" role=\"button\" data-toggle=\"collapse\" data-parent=\"#accordion-16351-1\" data-target=\"#fafe4b154a509cf72\" href=\"#fafe4b154a509cf72\"><span class=\"fusion-toggle-icon-wrapper\" aria-hidden=\"true\"><i class=\"fa-fusion-box active-icon awb-icon-minus\" aria-hidden=\"true\"><\/i><i class=\"fa-fusion-box inactive-icon awb-icon-plus\" aria-hidden=\"true\"><\/i><\/span><span class=\"fusion-toggle-heading\">Material quality<\/span><\/a><\/h2><\/div><div id=\"fafe4b154a509cf72\" class=\"panel-collapse collapse in\" aria-labelledby=\"toggle_fafe4b154a509cf72\"><div class=\"panel-body toggle-content fusion-clearfix\">\n<p>We use either silver (925\/1000) or 14kt gold (585\/1000) to make jewelry. Each product is marked with our hallmark &#8220;JP&#8221; and a&nbsp;state hallmark, which confirms the quality of the material. We use purely natural artificially uncolored precious stones and certified diamonds imported by a&nbsp;supplier from Antwerp. In the case of investment stones, we provide an international GIA certificate.<\/p>\n<div class=\"d-flex flex-wrap\"><img decoding=\"async\" class=\"lazyload mr-2 alignnone size-full wp-image-743\" src=\"http:\/\/janjaprokic.com\/wp-content\/uploads\/2024\/11\/vyrobniznacka.jpeg\" data-orig-src=\"http:\/\/janjaprokic.com\/wp-content\/uploads\/2024\/11\/vyrobniznacka.jpeg\" alt=\"\" width=\"140\" height=\"auto\" srcset=\"data:image\/svg+xml,%3Csvg%20xmlns%3D%27http%3A%2F%2Fwww.w3.org%2F2000%2Fsvg%27%20width%3D%27140%27%20height%3D%270%27%20viewBox%3D%270%200%20140%200%27%3E%3Crect%20width%3D%27140%27%20height%3D%270%27%20fill-opacity%3D%220%22%2F%3E%3C%2Fsvg%3E\" data-srcset=\"https:\/\/janjaprokic.com\/wp-content\/uploads\/2024\/11\/vyrobniznacka-300x180.jpeg 300w, https:\/\/janjaprokic.com\/wp-content\/uploads\/2024\/11\/vyrobniznacka-562x337.jpeg 562w, https:\/\/janjaprokic.com\/wp-content\/uploads\/2024\/11\/vyrobniznacka-700x420.jpeg 700w, https:\/\/janjaprokic.com\/wp-content\/uploads\/2024\/11\/vyrobniznacka-768x461.jpeg 768w, https:\/\/janjaprokic.com\/wp-content\/uploads\/2024\/11\/vyrobniznacka-1024x614.jpeg 1024w, https:\/\/janjaprokic.com\/wp-content\/uploads\/2024\/11\/vyrobniznacka.jpeg 1200w\" data-sizes=\"auto\" data-orig-sizes=\"(max-width: 1200px) 100vw, 1200px\" \/><br \/>\n<img decoding=\"async\" class=\"lazyload alignnone size-full wp-image-742\" src=\"http:\/\/janjaprokic.com\/wp-content\/uploads\/2024\/11\/puncovni-znacky-1.jpg\" data-orig-src=\"http:\/\/janjaprokic.com\/wp-content\/uploads\/2024\/11\/puncovni-znacky-1.jpg\" alt=\"\" width=\"320\" height=\"auto\" srcset=\"data:image\/svg+xml,%3Csvg%20xmlns%3D%27http%3A%2F%2Fwww.w3.org%2F2000%2Fsvg%27%20width%3D%27320%27%20height%3D%270%27%20viewBox%3D%270%200%20320%200%27%3E%3Crect%20width%3D%27320%27%20height%3D%270%27%20fill-opacity%3D%220%22%2F%3E%3C%2Fsvg%3E\" data-srcset=\"https:\/\/janjaprokic.com\/wp-content\/uploads\/2024\/11\/puncovni-znacky-1-197x300.jpg 197w, https:\/\/janjaprokic.com\/wp-content\/uploads\/2024\/11\/puncovni-znacky-1-562x856.jpg 562w, https:\/\/janjaprokic.com\/wp-content\/uploads\/2024\/11\/puncovni-znacky-1-672x1024.jpg 672w, https:\/\/janjaprokic.com\/wp-content\/uploads\/2024\/11\/puncovni-znacky-1-700x1066.jpg 700w, https:\/\/janjaprokic.com\/wp-content\/uploads\/2024\/11\/puncovni-znacky-1-768x1170.jpg 768w, https:\/\/janjaprokic.com\/wp-content\/uploads\/2024\/11\/puncovni-znacky-1.jpg 1200w\" data-sizes=\"auto\" data-orig-sizes=\"(max-width: 1200px) 100vw, 1200px\" \/><\/div>\n<\/div><\/div><\/div><\/div><\/div><\/div><\/div><\/div><\/div>\n","protected":false},"excerpt":{"rendered":"","protected":false},"author":1,"featured_media":0,"parent":0,"menu_order":0,"comment_status":"closed","ping_status":"closed","template":"100-width.php","meta":{"_acf_changed":false,"footnotes":""},"class_list":["post-16351","page","type-page","status-publish","hentry"],"acf":[],"yoast_head":"<!-- This site is optimized with the Yoast SEO plugin v25.6 - https:\/\/yoast.com\/wordpress\/plugins\/seo\/ -->\n<title>Materials - Janja Proki\u0107<\/title>\n<meta name=\"robots\" content=\"index, follow, max-snippet:-1, max-image-preview:large, max-video-preview:-1\" \/>\n<link rel=\"canonical\" href=\"https:\/\/janjaprokic.com\/en\/material\/\" \/>\n<meta property=\"og:locale\" content=\"en_US\" \/>\n<meta property=\"og:type\" content=\"article\" \/>\n<meta property=\"og:title\" content=\"Materials - Janja Proki\u0107\" \/>\n<meta property=\"og:url\" content=\"https:\/\/janjaprokic.com\/en\/material\/\" \/>\n<meta property=\"og:site_name\" content=\"Janja Proki\u0107\" \/>\n<meta property=\"article:modified_time\" content=\"2025-03-20T10:11:53+00:00\" \/>\n<meta property=\"og:image\" content=\"http:\/\/janjaprokic.com\/wp-content\/uploads\/2024\/11\/vyrobniznacka.jpeg\" \/>\n<meta name=\"twitter:card\" content=\"summary_large_image\" \/>\n<meta name=\"twitter:label1\" content=\"Est. reading time\" \/>\n\t<meta name=\"twitter:data1\" content=\"6 minutes\" \/>\n<script type=\"application\/ld+json\" class=\"yoast-schema-graph\">{\"@context\":\"https:\/\/schema.org\",\"@graph\":[{\"@type\":\"WebPage\",\"@id\":\"https:\/\/janjaprokic.com\/en\/material\/\",\"url\":\"https:\/\/janjaprokic.com\/en\/material\/\",\"name\":\"Materials - Janja Proki\u0107\",\"isPartOf\":{\"@id\":\"https:\/\/janjaprokic.com\/#website\"},\"primaryImageOfPage\":{\"@id\":\"https:\/\/janjaprokic.com\/en\/material\/#primaryimage\"},\"image\":{\"@id\":\"https:\/\/janjaprokic.com\/en\/material\/#primaryimage\"},\"thumbnailUrl\":\"http:\/\/janjaprokic.com\/wp-content\/uploads\/2024\/11\/vyrobniznacka.jpeg\",\"datePublished\":\"2024-11-25T10:23:46+00:00\",\"dateModified\":\"2025-03-20T10:11:53+00:00\",\"breadcrumb\":{\"@id\":\"https:\/\/janjaprokic.com\/en\/material\/#breadcrumb\"},\"inLanguage\":\"en-US\",\"potentialAction\":[{\"@type\":\"ReadAction\",\"target\":[\"https:\/\/janjaprokic.com\/en\/material\/\"]}]},{\"@type\":\"ImageObject\",\"inLanguage\":\"en-US\",\"@id\":\"https:\/\/janjaprokic.com\/en\/material\/#primaryimage\",\"url\":\"http:\/\/janjaprokic.com\/wp-content\/uploads\/2024\/11\/vyrobniznacka.jpeg\",\"contentUrl\":\"http:\/\/janjaprokic.com\/wp-content\/uploads\/2024\/11\/vyrobniznacka.jpeg\"},{\"@type\":\"BreadcrumbList\",\"@id\":\"https:\/\/janjaprokic.com\/en\/material\/#breadcrumb\",\"itemListElement\":[{\"@type\":\"ListItem\",\"position\":1,\"name\":\"Dom\u016f\",\"item\":\"https:\/\/janjaprokic.com\/en\/\"},{\"@type\":\"ListItem\",\"position\":2,\"name\":\"Materials\"}]},{\"@type\":\"WebSite\",\"@id\":\"https:\/\/janjaprokic.com\/#website\",\"url\":\"https:\/\/janjaprokic.com\/\",\"name\":\"Janja Proki\u0107\",\"description\":\"V\u00edce ne\u017e \u0161perky\",\"publisher\":{\"@id\":\"https:\/\/janjaprokic.com\/#\/schema\/person\/df679b5592370f06b575ef01e09af8fa\"},\"potentialAction\":[{\"@type\":\"SearchAction\",\"target\":{\"@type\":\"EntryPoint\",\"urlTemplate\":\"https:\/\/janjaprokic.com\/?s={search_term_string}\"},\"query-input\":{\"@type\":\"PropertyValueSpecification\",\"valueRequired\":true,\"valueName\":\"search_term_string\"}}],\"inLanguage\":\"en-US\"},{\"@type\":[\"Person\",\"Organization\"],\"@id\":\"https:\/\/janjaprokic.com\/#\/schema\/person\/df679b5592370f06b575ef01e09af8fa\",\"name\":\"janjaprokic\",\"image\":{\"@type\":\"ImageObject\",\"inLanguage\":\"en-US\",\"@id\":\"https:\/\/janjaprokic.com\/#\/schema\/person\/image\/\",\"url\":\"https:\/\/janjaprokic.com\/wp-content\/uploads\/2025\/06\/Jan-Zima-JT-Banka-2025-04-scaled-e1749048016724.jpg\",\"contentUrl\":\"https:\/\/janjaprokic.com\/wp-content\/uploads\/2025\/06\/Jan-Zima-JT-Banka-2025-04-scaled-e1749048016724.jpg\",\"width\":1920,\"height\":1290,\"caption\":\"janjaprokic\"},\"logo\":{\"@id\":\"https:\/\/janjaprokic.com\/#\/schema\/person\/image\/\"}}]}<\/script>\n<!-- \/ Yoast SEO plugin. -->","yoast_head_json":{"title":"Materials - Janja Proki\u0107","robots":{"index":"index","follow":"follow","max-snippet":"max-snippet:-1","max-image-preview":"max-image-preview:large","max-video-preview":"max-video-preview:-1"},"canonical":"https:\/\/janjaprokic.com\/en\/material\/","og_locale":"en_US","og_type":"article","og_title":"Materials - Janja Proki\u0107","og_url":"https:\/\/janjaprokic.com\/en\/material\/","og_site_name":"Janja Proki\u0107","article_modified_time":"2025-03-20T10:11:53+00:00","og_image":[{"url":"http:\/\/janjaprokic.com\/wp-content\/uploads\/2024\/11\/vyrobniznacka.jpeg","type":"","width":"","height":""}],"twitter_card":"summary_large_image","twitter_misc":{"Est. reading time":"6 minutes"},"schema":{"@context":"https:\/\/schema.org","@graph":[{"@type":"WebPage","@id":"https:\/\/janjaprokic.com\/en\/material\/","url":"https:\/\/janjaprokic.com\/en\/material\/","name":"Materials - Janja Proki\u0107","isPartOf":{"@id":"https:\/\/janjaprokic.com\/#website"},"primaryImageOfPage":{"@id":"https:\/\/janjaprokic.com\/en\/material\/#primaryimage"},"image":{"@id":"https:\/\/janjaprokic.com\/en\/material\/#primaryimage"},"thumbnailUrl":"http:\/\/janjaprokic.com\/wp-content\/uploads\/2024\/11\/vyrobniznacka.jpeg","datePublished":"2024-11-25T10:23:46+00:00","dateModified":"2025-03-20T10:11:53+00:00","breadcrumb":{"@id":"https:\/\/janjaprokic.com\/en\/material\/#breadcrumb"},"inLanguage":"en-US","potentialAction":[{"@type":"ReadAction","target":["https:\/\/janjaprokic.com\/en\/material\/"]}]},{"@type":"ImageObject","inLanguage":"en-US","@id":"https:\/\/janjaprokic.com\/en\/material\/#primaryimage","url":"http:\/\/janjaprokic.com\/wp-content\/uploads\/2024\/11\/vyrobniznacka.jpeg","contentUrl":"http:\/\/janjaprokic.com\/wp-content\/uploads\/2024\/11\/vyrobniznacka.jpeg"},{"@type":"BreadcrumbList","@id":"https:\/\/janjaprokic.com\/en\/material\/#breadcrumb","itemListElement":[{"@type":"ListItem","position":1,"name":"Dom\u016f","item":"https:\/\/janjaprokic.com\/en\/"},{"@type":"ListItem","position":2,"name":"Materials"}]},{"@type":"WebSite","@id":"https:\/\/janjaprokic.com\/#website","url":"https:\/\/janjaprokic.com\/","name":"Janja Proki\u0107","description":"V\u00edce ne\u017e \u0161perky","publisher":{"@id":"https:\/\/janjaprokic.com\/#\/schema\/person\/df679b5592370f06b575ef01e09af8fa"},"potentialAction":[{"@type":"SearchAction","target":{"@type":"EntryPoint","urlTemplate":"https:\/\/janjaprokic.com\/?s={search_term_string}"},"query-input":{"@type":"PropertyValueSpecification","valueRequired":true,"valueName":"search_term_string"}}],"inLanguage":"en-US"},{"@type":["Person","Organization"],"@id":"https:\/\/janjaprokic.com\/#\/schema\/person\/df679b5592370f06b575ef01e09af8fa","name":"janjaprokic","image":{"@type":"ImageObject","inLanguage":"en-US","@id":"https:\/\/janjaprokic.com\/#\/schema\/person\/image\/","url":"https:\/\/janjaprokic.com\/wp-content\/uploads\/2025\/06\/Jan-Zima-JT-Banka-2025-04-scaled-e1749048016724.jpg","contentUrl":"https:\/\/janjaprokic.com\/wp-content\/uploads\/2025\/06\/Jan-Zima-JT-Banka-2025-04-scaled-e1749048016724.jpg","width":1920,"height":1290,"caption":"janjaprokic"},"logo":{"@id":"https:\/\/janjaprokic.com\/#\/schema\/person\/image\/"}}]}},"_links":{"self":[{"href":"https:\/\/janjaprokic.com\/en\/wp-json\/wp\/v2\/pages\/16351","targetHints":{"allow":["GET"]}}],"collection":[{"href":"https:\/\/janjaprokic.com\/en\/wp-json\/wp\/v2\/pages"}],"about":[{"href":"https:\/\/janjaprokic.com\/en\/wp-json\/wp\/v2\/types\/page"}],"author":[{"embeddable":true,"href":"https:\/\/janjaprokic.com\/en\/wp-json\/wp\/v2\/users\/1"}],"replies":[{"embeddable":true,"href":"https:\/\/janjaprokic.com\/en\/wp-json\/wp\/v2\/comments?post=16351"}],"version-history":[{"count":0,"href":"https:\/\/janjaprokic.com\/en\/wp-json\/wp\/v2\/pages\/16351\/revisions"}],"wp:attachment":[{"href":"https:\/\/janjaprokic.com\/en\/wp-json\/wp\/v2\/media?parent=16351"}],"curies":[{"name":"wp","href":"https:\/\/api.w.org\/{rel}","templated":true}]}}