{"id":16343,"date":"2024-11-25T11:17:54","date_gmt":"2024-11-25T10:17:54","guid":{"rendered":"http:\/\/janjaprokic.com\/vraceni-a-vymena\/"},"modified":"2025-06-27T17:14:11","modified_gmt":"2025-06-27T15:14:11","slug":"return-and-exchange","status":"publish","type":"page","link":"https:\/\/janjaprokic.com\/en\/return-and-exchange\/","title":{"rendered":"Return and exchange"},"content":{"rendered":"<div class=\"fusion-fullwidth fullwidth-box fusion-builder-row-1 fusion-flex-container has-pattern-background has-mask-background max-w nonhundred-percent-fullwidth non-hundred-percent-height-scrolling\" style=\"--awb-border-radius-top-left:0px;--awb-border-radius-top-right:0px;--awb-border-radius-bottom-right:0px;--awb-border-radius-bottom-left:0px;--awb-padding-top:4rem;--awb-flex-wrap:wrap;\" ><div class=\"fusion-builder-row fusion-row fusion-flex-align-items-flex-start fusion-flex-content-wrap\" style=\"max-width:1331.2px;margin-left: calc(-4% \/ 2 );margin-right: calc(-4% \/ 2 );\"><div class=\"fusion-layout-column fusion_builder_column fusion-builder-column-0 fusion_builder_column_1_1 1_1 fusion-flex-column\" style=\"--awb-bg-size:cover;--awb-width-large:100%;--awb-margin-top-large:0px;--awb-spacing-right-large:1.92%;--awb-margin-bottom-large:20px;--awb-spacing-left-large:1.92%;--awb-width-medium:100%;--awb-order-medium:0;--awb-spacing-right-medium:1.92%;--awb-spacing-left-medium:1.92%;--awb-width-small:100%;--awb-order-small:0;--awb-spacing-right-small:1.92%;--awb-spacing-left-small:1.92%;\"><div class=\"fusion-column-wrapper fusion-column-has-shadow fusion-flex-justify-content-flex-start fusion-content-layout-column\"><div class=\"accordian fusion-accordian\" style=\"--awb-border-size:1px;--awb-icon-size:16px;--awb-content-font-size:14px;--awb-icon-alignment:right;--awb-hover-color:var(--awb-color2);--awb-border-color:var(--awb-color3);--awb-background-color:var(--awb-color1);--awb-divider-color:var(--awb-color3);--awb-divider-hover-color:var(--awb-color3);--awb-icon-color:var(--awb-color1);--awb-title-color:var(--awb-color8);--awb-content-color:var(--awb-color8);--awb-icon-box-color:var(--awb-color8);--awb-toggle-hover-accent-color:var(--awb-color5);--awb-title-font-family:var(--awb-typography1-font-family);--awb-title-font-weight:var(--awb-typography1-font-weight);--awb-title-font-style:var(--awb-typography1-font-style);--awb-title-font-size:20px;--awb-content-font-family:var(--awb-typography4-font-family);--awb-content-font-weight:var(--awb-typography4-font-weight);--awb-content-font-style:var(--awb-typography4-font-style);\"><div class=\"panel-group fusion-toggle-icon-right fusion-toggle-icon-unboxed\" id=\"accordion-16343-1\"><div class=\"fusion-panel panel-default panel-16b791c990a3afa3c fusion-toggle-has-divider\" style=\"--awb-title-color:var(--awb-color8);\"><div class=\"panel-heading\"><h2 class=\"panel-title toggle\" id=\"toggle_16b791c990a3afa3c\"><a class=\"active\" aria-expanded=\"true\" aria-controls=\"16b791c990a3afa3c\" role=\"button\" data-toggle=\"collapse\" data-parent=\"#accordion-16343-1\" data-target=\"#16b791c990a3afa3c\" href=\"#16b791c990a3afa3c\"><span class=\"fusion-toggle-icon-wrapper\" aria-hidden=\"true\"><i class=\"fa-fusion-box active-icon awb-icon-minus\" aria-hidden=\"true\"><\/i><i class=\"fa-fusion-box inactive-icon awb-icon-plus\" aria-hidden=\"true\"><\/i><\/span><span class=\"fusion-toggle-heading\">Can I return the jewels bought in the e-shop?<\/span><\/a><\/h2><\/div><div id=\"16b791c990a3afa3c\" class=\"panel-collapse collapse in\" aria-labelledby=\"toggle_16b791c990a3afa3c\"><div class=\"panel-body toggle-content fusion-clearfix\">\n<p>Yes, you can return unworn jewels in the original undamaged packaging with no reason given within two weeks after the receipt. The delivery cost is covered by the consignor. We guarantee reimbursement on your account within 14 days after receiving and controlling undamaged jewels. You can find the complete commercial conditions here: <a href=\"https:\/\/janjaprokic.com\/en\/terms-and-conditions\/\">https:\/\/janjaprokic.com\/en\/terms-and-conditions\/<\/a><\/p>\n<\/div><\/div><\/div><div class=\"fusion-panel panel-default panel-ec9e3611634eabbfe fusion-toggle-has-divider\" style=\"--awb-title-color:var(--awb-color8);\"><div class=\"panel-heading\"><h2 class=\"panel-title toggle\" id=\"toggle_ec9e3611634eabbfe\"><a aria-expanded=\"false\" aria-controls=\"ec9e3611634eabbfe\" role=\"button\" data-toggle=\"collapse\" data-parent=\"#accordion-16343-1\" data-target=\"#ec9e3611634eabbfe\" href=\"#ec9e3611634eabbfe\"><span class=\"fusion-toggle-icon-wrapper\" aria-hidden=\"true\"><i class=\"fa-fusion-box active-icon awb-icon-minus\" aria-hidden=\"true\"><\/i><i class=\"fa-fusion-box inactive-icon awb-icon-plus\" aria-hidden=\"true\"><\/i><\/span><span class=\"fusion-toggle-heading\">How do I return jewels bought in the e-shop?<\/span><\/a><\/h2><\/div><div id=\"ec9e3611634eabbfe\" class=\"panel-collapse collapse \" aria-labelledby=\"toggle_ec9e3611634eabbfe\"><div class=\"panel-body toggle-content fusion-clearfix\">\n<p>To return jewels bought on-line, please contact us via e-mail at <a href=\"mailto:studio@janjaprokic.com\">studio@janjaprokic.com<\/a> and we will agree on the next steps.<\/p>\n<\/div><\/div><\/div><div class=\"fusion-panel panel-default panel-31d9c4c77a86ea2b7 fusion-toggle-has-divider\" style=\"--awb-title-color:var(--awb-color8);\"><div class=\"panel-heading\"><h2 class=\"panel-title toggle\" id=\"toggle_31d9c4c77a86ea2b7\"><a aria-expanded=\"false\" aria-controls=\"31d9c4c77a86ea2b7\" role=\"button\" data-toggle=\"collapse\" data-parent=\"#accordion-16343-1\" data-target=\"#31d9c4c77a86ea2b7\" href=\"#31d9c4c77a86ea2b7\"><span class=\"fusion-toggle-icon-wrapper\" aria-hidden=\"true\"><i class=\"fa-fusion-box active-icon awb-icon-minus\" aria-hidden=\"true\"><\/i><i class=\"fa-fusion-box inactive-icon awb-icon-plus\" aria-hidden=\"true\"><\/i><\/span><span class=\"fusion-toggle-heading\">Can I exchange jewels bought in the e-shop?<\/span><\/a><\/h2><\/div><div id=\"31d9c4c77a86ea2b7\" class=\"panel-collapse collapse \" aria-labelledby=\"toggle_31d9c4c77a86ea2b7\"><div class=\"panel-body toggle-content fusion-clearfix\">\n<p>Yes, you can exchange unworn and undamaged jewels within two weeks after the receipt. The delivery cost is covered by the consignor. You can find the complete commercial conditions here:<\/p>\n<p><a href=\"https:\/\/janjaprokic.com\/en\/terms-and-conditions\/\">https:\/\/janjaprokic.com\/en\/terms-and-conditions\/<\/a><\/p>\n<\/div><\/div><\/div><div class=\"fusion-panel panel-default panel-1f8543375b7d06692 fusion-toggle-has-divider\" style=\"--awb-title-color:var(--awb-color8);\"><div class=\"panel-heading\"><h2 class=\"panel-title toggle\" id=\"toggle_1f8543375b7d06692\"><a aria-expanded=\"false\" aria-controls=\"1f8543375b7d06692\" role=\"button\" data-toggle=\"collapse\" data-parent=\"#accordion-16343-1\" data-target=\"#1f8543375b7d06692\" href=\"#1f8543375b7d06692\"><span class=\"fusion-toggle-icon-wrapper\" aria-hidden=\"true\"><i class=\"fa-fusion-box active-icon awb-icon-minus\" aria-hidden=\"true\"><\/i><i class=\"fa-fusion-box inactive-icon awb-icon-plus\" aria-hidden=\"true\"><\/i><\/span><span class=\"fusion-toggle-heading\">How do I exchange jewels bought in the e-shop?<\/span><\/a><\/h2><\/div><div id=\"1f8543375b7d06692\" class=\"panel-collapse collapse \" aria-labelledby=\"toggle_1f8543375b7d06692\"><div class=\"panel-body toggle-content fusion-clearfix\">\n<p>To exchange jewels, please contact us via e-mail at studio@janjaprokic.comand we will agree on the procedure.<\/p>\n<\/div><\/div><\/div><\/div><\/div>\n<\/div><\/div><\/div><\/div>\n","protected":false},"excerpt":{"rendered":"","protected":false},"author":1,"featured_media":0,"parent":0,"menu_order":0,"comment_status":"closed","ping_status":"closed","template":"100-width.php","meta":{"_acf_changed":false,"footnotes":""},"class_list":["post-16343","page","type-page","status-publish","hentry"],"acf":[],"yoast_head":"<!-- This site is optimized with the Yoast SEO plugin v25.6 - https:\/\/yoast.com\/wordpress\/plugins\/seo\/ -->\n<title>Return and exchange - Janja Proki\u0107<\/title>\n<meta name=\"robots\" content=\"index, follow, max-snippet:-1, max-image-preview:large, max-video-preview:-1\" \/>\n<link rel=\"canonical\" href=\"https:\/\/janjaprokic.com\/en\/return-and-exchange\/\" \/>\n<meta property=\"og:locale\" content=\"en_US\" \/>\n<meta property=\"og:type\" content=\"article\" \/>\n<meta property=\"og:title\" content=\"Return and exchange - Janja Proki\u0107\" \/>\n<meta property=\"og:url\" content=\"https:\/\/janjaprokic.com\/en\/return-and-exchange\/\" \/>\n<meta property=\"og:site_name\" content=\"Janja Proki\u0107\" \/>\n<meta property=\"article:modified_time\" content=\"2025-06-27T15:14:11+00:00\" \/>\n<meta name=\"twitter:card\" content=\"summary_large_image\" \/>\n<meta name=\"twitter:label1\" content=\"Est. reading time\" \/>\n\t<meta name=\"twitter:data1\" content=\"1 minute\" \/>\n<script type=\"application\/ld+json\" class=\"yoast-schema-graph\">{\"@context\":\"https:\/\/schema.org\",\"@graph\":[{\"@type\":\"WebPage\",\"@id\":\"https:\/\/janjaprokic.com\/en\/return-and-exchange\/\",\"url\":\"https:\/\/janjaprokic.com\/en\/return-and-exchange\/\",\"name\":\"Return and exchange - Janja Proki\u0107\",\"isPartOf\":{\"@id\":\"https:\/\/janjaprokic.com\/#website\"},\"datePublished\":\"2024-11-25T10:17:54+00:00\",\"dateModified\":\"2025-06-27T15:14:11+00:00\",\"breadcrumb\":{\"@id\":\"https:\/\/janjaprokic.com\/en\/return-and-exchange\/#breadcrumb\"},\"inLanguage\":\"en-US\",\"potentialAction\":[{\"@type\":\"ReadAction\",\"target\":[\"https:\/\/janjaprokic.com\/en\/return-and-exchange\/\"]}]},{\"@type\":\"BreadcrumbList\",\"@id\":\"https:\/\/janjaprokic.com\/en\/return-and-exchange\/#breadcrumb\",\"itemListElement\":[{\"@type\":\"ListItem\",\"position\":1,\"name\":\"Dom\u016f\",\"item\":\"https:\/\/janjaprokic.com\/en\/\"},{\"@type\":\"ListItem\",\"position\":2,\"name\":\"Return and exchange\"}]},{\"@type\":\"WebSite\",\"@id\":\"https:\/\/janjaprokic.com\/#website\",\"url\":\"https:\/\/janjaprokic.com\/\",\"name\":\"Janja Proki\u0107\",\"description\":\"V\u00edce ne\u017e \u0161perky\",\"publisher\":{\"@id\":\"https:\/\/janjaprokic.com\/#\/schema\/person\/df679b5592370f06b575ef01e09af8fa\"},\"potentialAction\":[{\"@type\":\"SearchAction\",\"target\":{\"@type\":\"EntryPoint\",\"urlTemplate\":\"https:\/\/janjaprokic.com\/?s={search_term_string}\"},\"query-input\":{\"@type\":\"PropertyValueSpecification\",\"valueRequired\":true,\"valueName\":\"search_term_string\"}}],\"inLanguage\":\"en-US\"},{\"@type\":[\"Person\",\"Organization\"],\"@id\":\"https:\/\/janjaprokic.com\/#\/schema\/person\/df679b5592370f06b575ef01e09af8fa\",\"name\":\"janjaprokic\",\"image\":{\"@type\":\"ImageObject\",\"inLanguage\":\"en-US\",\"@id\":\"https:\/\/janjaprokic.com\/#\/schema\/person\/image\/\",\"url\":\"https:\/\/janjaprokic.com\/wp-content\/uploads\/2025\/06\/Jan-Zima-JT-Banka-2025-04-scaled-e1749048016724.jpg\",\"contentUrl\":\"https:\/\/janjaprokic.com\/wp-content\/uploads\/2025\/06\/Jan-Zima-JT-Banka-2025-04-scaled-e1749048016724.jpg\",\"width\":1920,\"height\":1290,\"caption\":\"janjaprokic\"},\"logo\":{\"@id\":\"https:\/\/janjaprokic.com\/#\/schema\/person\/image\/\"}}]}<\/script>\n<!-- \/ Yoast SEO plugin. -->","yoast_head_json":{"title":"Return and exchange - Janja Proki\u0107","robots":{"index":"index","follow":"follow","max-snippet":"max-snippet:-1","max-image-preview":"max-image-preview:large","max-video-preview":"max-video-preview:-1"},"canonical":"https:\/\/janjaprokic.com\/en\/return-and-exchange\/","og_locale":"en_US","og_type":"article","og_title":"Return and exchange - Janja Proki\u0107","og_url":"https:\/\/janjaprokic.com\/en\/return-and-exchange\/","og_site_name":"Janja Proki\u0107","article_modified_time":"2025-06-27T15:14:11+00:00","twitter_card":"summary_large_image","twitter_misc":{"Est. reading time":"1 minute"},"schema":{"@context":"https:\/\/schema.org","@graph":[{"@type":"WebPage","@id":"https:\/\/janjaprokic.com\/en\/return-and-exchange\/","url":"https:\/\/janjaprokic.com\/en\/return-and-exchange\/","name":"Return and exchange - Janja Proki\u0107","isPartOf":{"@id":"https:\/\/janjaprokic.com\/#website"},"datePublished":"2024-11-25T10:17:54+00:00","dateModified":"2025-06-27T15:14:11+00:00","breadcrumb":{"@id":"https:\/\/janjaprokic.com\/en\/return-and-exchange\/#breadcrumb"},"inLanguage":"en-US","potentialAction":[{"@type":"ReadAction","target":["https:\/\/janjaprokic.com\/en\/return-and-exchange\/"]}]},{"@type":"BreadcrumbList","@id":"https:\/\/janjaprokic.com\/en\/return-and-exchange\/#breadcrumb","itemListElement":[{"@type":"ListItem","position":1,"name":"Dom\u016f","item":"https:\/\/janjaprokic.com\/en\/"},{"@type":"ListItem","position":2,"name":"Return and exchange"}]},{"@type":"WebSite","@id":"https:\/\/janjaprokic.com\/#website","url":"https:\/\/janjaprokic.com\/","name":"Janja Proki\u0107","description":"V\u00edce ne\u017e \u0161perky","publisher":{"@id":"https:\/\/janjaprokic.com\/#\/schema\/person\/df679b5592370f06b575ef01e09af8fa"},"potentialAction":[{"@type":"SearchAction","target":{"@type":"EntryPoint","urlTemplate":"https:\/\/janjaprokic.com\/?s={search_term_string}"},"query-input":{"@type":"PropertyValueSpecification","valueRequired":true,"valueName":"search_term_string"}}],"inLanguage":"en-US"},{"@type":["Person","Organization"],"@id":"https:\/\/janjaprokic.com\/#\/schema\/person\/df679b5592370f06b575ef01e09af8fa","name":"janjaprokic","image":{"@type":"ImageObject","inLanguage":"en-US","@id":"https:\/\/janjaprokic.com\/#\/schema\/person\/image\/","url":"https:\/\/janjaprokic.com\/wp-content\/uploads\/2025\/06\/Jan-Zima-JT-Banka-2025-04-scaled-e1749048016724.jpg","contentUrl":"https:\/\/janjaprokic.com\/wp-content\/uploads\/2025\/06\/Jan-Zima-JT-Banka-2025-04-scaled-e1749048016724.jpg","width":1920,"height":1290,"caption":"janjaprokic"},"logo":{"@id":"https:\/\/janjaprokic.com\/#\/schema\/person\/image\/"}}]}},"_links":{"self":[{"href":"https:\/\/janjaprokic.com\/en\/wp-json\/wp\/v2\/pages\/16343","targetHints":{"allow":["GET"]}}],"collection":[{"href":"https:\/\/janjaprokic.com\/en\/wp-json\/wp\/v2\/pages"}],"about":[{"href":"https:\/\/janjaprokic.com\/en\/wp-json\/wp\/v2\/types\/page"}],"author":[{"embeddable":true,"href":"https:\/\/janjaprokic.com\/en\/wp-json\/wp\/v2\/users\/1"}],"replies":[{"embeddable":true,"href":"https:\/\/janjaprokic.com\/en\/wp-json\/wp\/v2\/comments?post=16343"}],"version-history":[{"count":1,"href":"https:\/\/janjaprokic.com\/en\/wp-json\/wp\/v2\/pages\/16343\/revisions"}],"predecessor-version":[{"id":19018,"href":"https:\/\/janjaprokic.com\/en\/wp-json\/wp\/v2\/pages\/16343\/revisions\/19018"}],"wp:attachment":[{"href":"https:\/\/janjaprokic.com\/en\/wp-json\/wp\/v2\/media?parent=16343"}],"curies":[{"name":"wp","href":"https:\/\/api.w.org\/{rel}","templated":true}]}}