{"id":16338,"date":"2024-11-14T11:53:33","date_gmt":"2024-11-14T10:53:33","guid":{"rendered":"http:\/\/janjaprokic.com\/doprava-a-doruceni\/"},"modified":"2025-12-12T17:25:58","modified_gmt":"2025-12-12T16:25:58","slug":"shipping-and-delivery","status":"publish","type":"page","link":"https:\/\/janjaprokic.com\/en\/shipping-and-delivery\/","title":{"rendered":"Shipping and delivery"},"content":{"rendered":"<div class=\"fusion-fullwidth fullwidth-box fusion-builder-row-1 fusion-flex-container has-pattern-background has-mask-background max-w nonhundred-percent-fullwidth non-hundred-percent-height-scrolling\" style=\"--awb-border-radius-top-left:0px;--awb-border-radius-top-right:0px;--awb-border-radius-bottom-right:0px;--awb-border-radius-bottom-left:0px;--awb-padding-top:4rem;--awb-flex-wrap:wrap;\" ><div class=\"fusion-builder-row fusion-row fusion-flex-align-items-flex-start fusion-flex-content-wrap\" style=\"max-width:1331.2px;margin-left: calc(-4% \/ 2 );margin-right: calc(-4% \/ 2 );\"><div class=\"fusion-layout-column fusion_builder_column fusion-builder-column-0 fusion_builder_column_1_1 1_1 fusion-flex-column\" style=\"--awb-bg-size:cover;--awb-width-large:100%;--awb-margin-top-large:0px;--awb-spacing-right-large:1.92%;--awb-margin-bottom-large:20px;--awb-spacing-left-large:1.92%;--awb-width-medium:100%;--awb-order-medium:0;--awb-spacing-right-medium:1.92%;--awb-spacing-left-medium:1.92%;--awb-width-small:100%;--awb-order-small:0;--awb-spacing-right-small:1.92%;--awb-spacing-left-small:1.92%;\"><div class=\"fusion-column-wrapper fusion-column-has-shadow fusion-flex-justify-content-flex-start fusion-content-layout-column\"><div class=\"accordian fusion-accordian\" style=\"--awb-border-size:1px;--awb-icon-size:16px;--awb-content-font-size:14px;--awb-icon-alignment:right;--awb-hover-color:var(--awb-color2);--awb-border-color:var(--awb-color3);--awb-background-color:var(--awb-color1);--awb-divider-color:var(--awb-color3);--awb-divider-hover-color:var(--awb-color3);--awb-icon-color:var(--awb-color1);--awb-title-color:var(--awb-color8);--awb-content-color:var(--awb-color8);--awb-icon-box-color:var(--awb-color8);--awb-toggle-hover-accent-color:var(--awb-color5);--awb-title-font-family:var(--awb-typography1-font-family);--awb-title-font-weight:var(--awb-typography1-font-weight);--awb-title-font-style:var(--awb-typography1-font-style);--awb-title-font-size:20px;--awb-content-font-family:var(--awb-typography4-font-family);--awb-content-font-weight:var(--awb-typography4-font-weight);--awb-content-font-style:var(--awb-typography4-font-style);\"><div class=\"panel-group fusion-toggle-icon-right fusion-toggle-icon-unboxed\" id=\"accordion-16338-1\"><div class=\"fusion-panel panel-default panel-b508b4e27978d3bbd fusion-toggle-has-divider\" style=\"--awb-title-color:var(--awb-color8);\"><div class=\"panel-heading\"><h2 class=\"panel-title toggle\" id=\"toggle_b508b4e27978d3bbd\"><a class=\"active\" aria-expanded=\"true\" aria-controls=\"b508b4e27978d3bbd\" role=\"button\" data-toggle=\"collapse\" data-parent=\"#accordion-16338-1\" data-target=\"#b508b4e27978d3bbd\" href=\"#b508b4e27978d3bbd\"><span class=\"fusion-toggle-icon-wrapper\" aria-hidden=\"true\"><i class=\"fa-fusion-box active-icon awb-icon-minus\" aria-hidden=\"true\"><\/i><i class=\"fa-fusion-box inactive-icon awb-icon-plus\" aria-hidden=\"true\"><\/i><\/span><span class=\"fusion-toggle-heading\">What are the delivery methods and period for the Czech Republic?<\/span><\/a><\/h2><\/div><div id=\"b508b4e27978d3bbd\" class=\"panel-collapse collapse in\" aria-labelledby=\"toggle_b508b4e27978d3bbd\"><div class=\"panel-body toggle-content fusion-clearfix\">\n<p data-start=\"34\" data-end=\"108\"><strong data-start=\"34\" data-end=\"54\">Personal pick-up<\/strong> is free at our Studio located at B\u00edlkova 4, Prague 1.<\/p>\n<p data-start=\"110\" data-end=\"131\"><strong data-start=\"110\" data-end=\"131\">Standard shipping<\/strong><\/p>\n<p data-start=\"133\" data-end=\"222\">For orders up to 8,000 CZK, the cost is 250 CZK.<br data-start=\"181\" data-end=\"184\" \/>For orders over 8,000 CZK, it is free.<\/p>\n<p data-start=\"224\" data-end=\"377\">Within Prague, your order will be delivered by our driver to the address you provide, and delivery takes 3 to 5 business days from the date of the order.<\/p>\n<p data-start=\"379\" data-end=\"533\">Outside Prague, we deliver via DHL to the specified address within 3 to 5 business days from the date of the order, with the option to track the shipment.<\/p>\n<p data-start=\"535\" data-end=\"679\" data-is-last-node=\"\" data-is-only-node=\"\">Please note that shipments to the United Kingdom and outside the EU may be subject to customs duties and taxes, which are paid by the recipient.<\/p>\n<\/div><\/div><\/div><div class=\"fusion-panel panel-default panel-e9989b95f86f29f08 fusion-toggle-has-divider\" style=\"--awb-title-color:var(--awb-color8);\"><div class=\"panel-heading\"><h2 class=\"panel-title toggle\" id=\"toggle_e9989b95f86f29f08\"><a aria-expanded=\"false\" aria-controls=\"e9989b95f86f29f08\" role=\"button\" data-toggle=\"collapse\" data-parent=\"#accordion-16338-1\" data-target=\"#e9989b95f86f29f08\" href=\"#e9989b95f86f29f08\"><span class=\"fusion-toggle-icon-wrapper\" aria-hidden=\"true\"><i class=\"fa-fusion-box active-icon awb-icon-minus\" aria-hidden=\"true\"><\/i><i class=\"fa-fusion-box inactive-icon awb-icon-plus\" aria-hidden=\"true\"><\/i><\/span><span class=\"fusion-toggle-heading\">What are the delivery methods and period for foreign countries?<\/span><\/a><\/h2><\/div><div id=\"e9989b95f86f29f08\" class=\"panel-collapse collapse \" aria-labelledby=\"toggle_e9989b95f86f29f08\"><div class=\"panel-body toggle-content fusion-clearfix\">\n<p>We deliver abroad via DHL carrier. We deliver the shipment for 900 CZK to the specified address within 3 to 5 working days from ordering with the possibility of tracking the shipment. Please note that shipments to the UK and non-EU countries may be subject to import duties and taxes, which are the responsibility of the recipient.<\/p>\n<\/div><\/div><\/div><div class=\"fusion-panel panel-default panel-68cb25d2bc7398745 fusion-toggle-has-divider\" style=\"--awb-title-color:var(--awb-color8);\"><div class=\"panel-heading\"><h2 class=\"panel-title toggle\" id=\"toggle_68cb25d2bc7398745\"><a aria-expanded=\"false\" aria-controls=\"68cb25d2bc7398745\" role=\"button\" data-toggle=\"collapse\" data-parent=\"#accordion-16338-1\" data-target=\"#68cb25d2bc7398745\" href=\"#68cb25d2bc7398745\"><span class=\"fusion-toggle-icon-wrapper\" aria-hidden=\"true\"><i class=\"fa-fusion-box active-icon awb-icon-minus\" aria-hidden=\"true\"><\/i><i class=\"fa-fusion-box inactive-icon awb-icon-plus\" aria-hidden=\"true\"><\/i><\/span><span class=\"fusion-toggle-heading\">What are the countries to which you deliver?<\/span><\/a><\/h2><\/div><div id=\"68cb25d2bc7398745\" class=\"panel-collapse collapse \" aria-labelledby=\"toggle_68cb25d2bc7398745\"><div class=\"panel-body toggle-content fusion-clearfix\">\n<p>We deliver to the following countries:<\/p>\n<p>\u00b7 Austria<br \/>\n\u00b7 Bulgaria<br \/>\n\u00b7 Cyprus<br \/>\n\u00b7 Germany<br \/>\n\u00b7 Denmark<br \/>\n\u00b7 Spain<br \/>\n\u00b7 Estonia<br \/>\n\u00b7 Finland<br \/>\n\u00b7 France<br \/>\n\u00b7 United Kingdom<br \/>\n\u00b7 Croatia<br \/>\n\u00b7 Hungary<br \/>\n\u00b7 Ireland<br \/>\n\u00b7 Italy<br \/>\n\u00b7 Lithuania<br \/>\n\u00b7 Luxembourg<br \/>\n\u00b7 Latvia<br \/>\n\u00b7 Malta<br \/>\n\u00b7 Netherlands<br \/>\n\u00b7 Poland<br \/>\n\u00b7 Portugal<br \/>\n\u00b7 Slovakia<br \/>\n\u00b7 Slovenia<br \/>\n\u00b7 Sweden<br \/>\n\u00b7 Belgium<br \/>\n\u00b7 Greece<\/p>\n<p>We would like to notify you that the orders to the UK and other countries outside the EU may be subject to custom duty and taxes covered by the consignee.<\/p>\n<\/div><\/div><\/div><div class=\"fusion-panel panel-default panel-2d32cf338d8fd0054 fusion-toggle-has-divider\" style=\"--awb-title-color:var(--awb-color8);\"><div class=\"panel-heading\"><h2 class=\"panel-title toggle\" id=\"toggle_2d32cf338d8fd0054\"><a aria-expanded=\"false\" aria-controls=\"2d32cf338d8fd0054\" role=\"button\" data-toggle=\"collapse\" data-parent=\"#accordion-16338-1\" data-target=\"#2d32cf338d8fd0054\" href=\"#2d32cf338d8fd0054\"><span class=\"fusion-toggle-icon-wrapper\" aria-hidden=\"true\"><i class=\"fa-fusion-box active-icon awb-icon-minus\" aria-hidden=\"true\"><\/i><i class=\"fa-fusion-box inactive-icon awb-icon-plus\" aria-hidden=\"true\"><\/i><\/span><span class=\"fusion-toggle-heading\">Is it possible to deliver the jewel to a country which is not listed?<\/span><\/a><\/h2><\/div><div id=\"2d32cf338d8fd0054\" class=\"panel-collapse collapse \" aria-labelledby=\"toggle_2d32cf338d8fd0054\"><div class=\"panel-body toggle-content fusion-clearfix\">\n<p>If you haven\u2019t found your country on the list, please contact us via email at studio@janjaprokic.com. We\u2019ll suggest possible delivery methods.<\/p>\n<\/div><\/div><\/div><div class=\"fusion-panel panel-default panel-b23f908b35052cc13 fusion-toggle-has-divider\" style=\"--awb-title-color:var(--awb-color8);\"><div class=\"panel-heading\"><h2 class=\"panel-title toggle\" id=\"toggle_b23f908b35052cc13\"><a aria-expanded=\"false\" aria-controls=\"b23f908b35052cc13\" role=\"button\" data-toggle=\"collapse\" data-parent=\"#accordion-16338-1\" data-target=\"#b23f908b35052cc13\" href=\"#b23f908b35052cc13\"><span class=\"fusion-toggle-icon-wrapper\" aria-hidden=\"true\"><i class=\"fa-fusion-box active-icon awb-icon-minus\" aria-hidden=\"true\"><\/i><i class=\"fa-fusion-box inactive-icon awb-icon-plus\" aria-hidden=\"true\"><\/i><\/span><span class=\"fusion-toggle-heading\">How can I track the status of my order?<\/span><\/a><\/h2><\/div><div id=\"b23f908b35052cc13\" class=\"panel-collapse collapse \" aria-labelledby=\"toggle_b23f908b35052cc13\"><div class=\"panel-body toggle-content fusion-clearfix\">\n<p>As soon as your order is dispatched, you\u2019ll receive a confirmation email from the delivery service, which will include a link to tracking your parcel. When being delivered in Prague, you\u2019ll receive a confirmation text message, which will include the time of delivery and the phone number of our driver.<\/p>\n<\/div><\/div><\/div><div class=\"fusion-panel panel-default panel-9ce4625de49730266 fusion-toggle-has-divider\" style=\"--awb-title-color:var(--awb-color8);\"><div class=\"panel-heading\"><h2 class=\"panel-title toggle\" id=\"toggle_9ce4625de49730266\"><a aria-expanded=\"false\" aria-controls=\"9ce4625de49730266\" role=\"button\" data-toggle=\"collapse\" data-parent=\"#accordion-16338-1\" data-target=\"#9ce4625de49730266\" href=\"#9ce4625de49730266\"><span class=\"fusion-toggle-icon-wrapper\" aria-hidden=\"true\"><i class=\"fa-fusion-box active-icon awb-icon-minus\" aria-hidden=\"true\"><\/i><i class=\"fa-fusion-box inactive-icon awb-icon-plus\" aria-hidden=\"true\"><\/i><\/span><span class=\"fusion-toggle-heading\">May I change the delivery address?<\/span><\/a><\/h2><\/div><div id=\"9ce4625de49730266\" class=\"panel-collapse collapse \" aria-labelledby=\"toggle_9ce4625de49730266\"><div class=\"panel-body toggle-content fusion-clearfix\">\n<p>If you need to change the delivery address before your order has been dispatched, please contact us as soon as possible via e-mail at studio@janjaprokic.com. If the consignment has been given to the delivery service, the delivery address cannot be changed.<\/p>\n<\/div><\/div><\/div><div class=\"fusion-panel panel-default panel-ed3aa681daf5ad2b8 fusion-toggle-has-divider\" style=\"--awb-title-color:var(--awb-color8);\"><div class=\"panel-heading\"><h2 class=\"panel-title toggle\" id=\"toggle_ed3aa681daf5ad2b8\"><a aria-expanded=\"false\" aria-controls=\"ed3aa681daf5ad2b8\" role=\"button\" data-toggle=\"collapse\" data-parent=\"#accordion-16338-1\" data-target=\"#ed3aa681daf5ad2b8\" href=\"#ed3aa681daf5ad2b8\"><span class=\"fusion-toggle-icon-wrapper\" aria-hidden=\"true\"><i class=\"fa-fusion-box active-icon awb-icon-minus\" aria-hidden=\"true\"><\/i><i class=\"fa-fusion-box inactive-icon awb-icon-plus\" aria-hidden=\"true\"><\/i><\/span><span class=\"fusion-toggle-heading\">Can I choose more delivery addresses?<\/span><\/a><\/h2><\/div><div id=\"ed3aa681daf5ad2b8\" class=\"panel-collapse collapse \" aria-labelledby=\"toggle_ed3aa681daf5ad2b8\"><div class=\"panel-body toggle-content fusion-clearfix\">\n<p>We can send a consignment to one address only at a time. If you want individual items to be sent to various addresses, please make individual orders for each jewel and each place of delivery.<\/p>\n<\/div><\/div><\/div><\/div><\/div>\n<\/div><\/div><\/div><\/div>\n","protected":false},"excerpt":{"rendered":"","protected":false},"author":1,"featured_media":0,"parent":0,"menu_order":0,"comment_status":"closed","ping_status":"closed","template":"100-width.php","meta":{"_acf_changed":false,"footnotes":""},"class_list":["post-16338","page","type-page","status-publish","hentry"],"acf":[],"yoast_head":"<!-- This site is optimized with the Yoast SEO plugin v25.6 - https:\/\/yoast.com\/wordpress\/plugins\/seo\/ -->\n<title>Shipping and delivery - Janja Proki\u0107<\/title>\n<meta name=\"robots\" content=\"index, follow, max-snippet:-1, max-image-preview:large, max-video-preview:-1\" \/>\n<link rel=\"canonical\" href=\"https:\/\/janjaprokic.com\/en\/shipping-and-delivery\/\" \/>\n<meta property=\"og:locale\" content=\"en_US\" \/>\n<meta property=\"og:type\" content=\"article\" \/>\n<meta property=\"og:title\" content=\"Shipping and delivery - Janja Proki\u0107\" \/>\n<meta property=\"og:url\" content=\"https:\/\/janjaprokic.com\/en\/shipping-and-delivery\/\" \/>\n<meta property=\"og:site_name\" content=\"Janja Proki\u0107\" \/>\n<meta property=\"article:modified_time\" content=\"2025-12-12T16:25:58+00:00\" \/>\n<meta name=\"twitter:card\" content=\"summary_large_image\" \/>\n<meta name=\"twitter:label1\" content=\"Est. reading time\" \/>\n\t<meta name=\"twitter:data1\" content=\"3 minutes\" \/>\n<script type=\"application\/ld+json\" class=\"yoast-schema-graph\">{\"@context\":\"https:\/\/schema.org\",\"@graph\":[{\"@type\":\"WebPage\",\"@id\":\"https:\/\/janjaprokic.com\/en\/shipping-and-delivery\/\",\"url\":\"https:\/\/janjaprokic.com\/en\/shipping-and-delivery\/\",\"name\":\"Shipping and delivery - Janja Proki\u0107\",\"isPartOf\":{\"@id\":\"https:\/\/janjaprokic.com\/#website\"},\"datePublished\":\"2024-11-14T10:53:33+00:00\",\"dateModified\":\"2025-12-12T16:25:58+00:00\",\"breadcrumb\":{\"@id\":\"https:\/\/janjaprokic.com\/en\/shipping-and-delivery\/#breadcrumb\"},\"inLanguage\":\"en-US\",\"potentialAction\":[{\"@type\":\"ReadAction\",\"target\":[\"https:\/\/janjaprokic.com\/en\/shipping-and-delivery\/\"]}]},{\"@type\":\"BreadcrumbList\",\"@id\":\"https:\/\/janjaprokic.com\/en\/shipping-and-delivery\/#breadcrumb\",\"itemListElement\":[{\"@type\":\"ListItem\",\"position\":1,\"name\":\"Dom\u016f\",\"item\":\"https:\/\/janjaprokic.com\/en\/\"},{\"@type\":\"ListItem\",\"position\":2,\"name\":\"Shipping and delivery\"}]},{\"@type\":\"WebSite\",\"@id\":\"https:\/\/janjaprokic.com\/#website\",\"url\":\"https:\/\/janjaprokic.com\/\",\"name\":\"Janja Proki\u0107\",\"description\":\"V\u00edce ne\u017e \u0161perky\",\"publisher\":{\"@id\":\"https:\/\/janjaprokic.com\/#\/schema\/person\/df679b5592370f06b575ef01e09af8fa\"},\"potentialAction\":[{\"@type\":\"SearchAction\",\"target\":{\"@type\":\"EntryPoint\",\"urlTemplate\":\"https:\/\/janjaprokic.com\/?s={search_term_string}\"},\"query-input\":{\"@type\":\"PropertyValueSpecification\",\"valueRequired\":true,\"valueName\":\"search_term_string\"}}],\"inLanguage\":\"en-US\"},{\"@type\":[\"Person\",\"Organization\"],\"@id\":\"https:\/\/janjaprokic.com\/#\/schema\/person\/df679b5592370f06b575ef01e09af8fa\",\"name\":\"janjaprokic\",\"image\":{\"@type\":\"ImageObject\",\"inLanguage\":\"en-US\",\"@id\":\"https:\/\/janjaprokic.com\/#\/schema\/person\/image\/\",\"url\":\"https:\/\/janjaprokic.com\/wp-content\/uploads\/2025\/06\/Jan-Zima-JT-Banka-2025-04-scaled-e1749048016724.jpg\",\"contentUrl\":\"https:\/\/janjaprokic.com\/wp-content\/uploads\/2025\/06\/Jan-Zima-JT-Banka-2025-04-scaled-e1749048016724.jpg\",\"width\":1920,\"height\":1290,\"caption\":\"janjaprokic\"},\"logo\":{\"@id\":\"https:\/\/janjaprokic.com\/#\/schema\/person\/image\/\"}}]}<\/script>\n<!-- \/ Yoast SEO plugin. -->","yoast_head_json":{"title":"Shipping and delivery - Janja Proki\u0107","robots":{"index":"index","follow":"follow","max-snippet":"max-snippet:-1","max-image-preview":"max-image-preview:large","max-video-preview":"max-video-preview:-1"},"canonical":"https:\/\/janjaprokic.com\/en\/shipping-and-delivery\/","og_locale":"en_US","og_type":"article","og_title":"Shipping and delivery - Janja Proki\u0107","og_url":"https:\/\/janjaprokic.com\/en\/shipping-and-delivery\/","og_site_name":"Janja Proki\u0107","article_modified_time":"2025-12-12T16:25:58+00:00","twitter_card":"summary_large_image","twitter_misc":{"Est. reading time":"3 minutes"},"schema":{"@context":"https:\/\/schema.org","@graph":[{"@type":"WebPage","@id":"https:\/\/janjaprokic.com\/en\/shipping-and-delivery\/","url":"https:\/\/janjaprokic.com\/en\/shipping-and-delivery\/","name":"Shipping and delivery - Janja Proki\u0107","isPartOf":{"@id":"https:\/\/janjaprokic.com\/#website"},"datePublished":"2024-11-14T10:53:33+00:00","dateModified":"2025-12-12T16:25:58+00:00","breadcrumb":{"@id":"https:\/\/janjaprokic.com\/en\/shipping-and-delivery\/#breadcrumb"},"inLanguage":"en-US","potentialAction":[{"@type":"ReadAction","target":["https:\/\/janjaprokic.com\/en\/shipping-and-delivery\/"]}]},{"@type":"BreadcrumbList","@id":"https:\/\/janjaprokic.com\/en\/shipping-and-delivery\/#breadcrumb","itemListElement":[{"@type":"ListItem","position":1,"name":"Dom\u016f","item":"https:\/\/janjaprokic.com\/en\/"},{"@type":"ListItem","position":2,"name":"Shipping and delivery"}]},{"@type":"WebSite","@id":"https:\/\/janjaprokic.com\/#website","url":"https:\/\/janjaprokic.com\/","name":"Janja Proki\u0107","description":"V\u00edce ne\u017e \u0161perky","publisher":{"@id":"https:\/\/janjaprokic.com\/#\/schema\/person\/df679b5592370f06b575ef01e09af8fa"},"potentialAction":[{"@type":"SearchAction","target":{"@type":"EntryPoint","urlTemplate":"https:\/\/janjaprokic.com\/?s={search_term_string}"},"query-input":{"@type":"PropertyValueSpecification","valueRequired":true,"valueName":"search_term_string"}}],"inLanguage":"en-US"},{"@type":["Person","Organization"],"@id":"https:\/\/janjaprokic.com\/#\/schema\/person\/df679b5592370f06b575ef01e09af8fa","name":"janjaprokic","image":{"@type":"ImageObject","inLanguage":"en-US","@id":"https:\/\/janjaprokic.com\/#\/schema\/person\/image\/","url":"https:\/\/janjaprokic.com\/wp-content\/uploads\/2025\/06\/Jan-Zima-JT-Banka-2025-04-scaled-e1749048016724.jpg","contentUrl":"https:\/\/janjaprokic.com\/wp-content\/uploads\/2025\/06\/Jan-Zima-JT-Banka-2025-04-scaled-e1749048016724.jpg","width":1920,"height":1290,"caption":"janjaprokic"},"logo":{"@id":"https:\/\/janjaprokic.com\/#\/schema\/person\/image\/"}}]}},"_links":{"self":[{"href":"https:\/\/janjaprokic.com\/en\/wp-json\/wp\/v2\/pages\/16338","targetHints":{"allow":["GET"]}}],"collection":[{"href":"https:\/\/janjaprokic.com\/en\/wp-json\/wp\/v2\/pages"}],"about":[{"href":"https:\/\/janjaprokic.com\/en\/wp-json\/wp\/v2\/types\/page"}],"author":[{"embeddable":true,"href":"https:\/\/janjaprokic.com\/en\/wp-json\/wp\/v2\/users\/1"}],"replies":[{"embeddable":true,"href":"https:\/\/janjaprokic.com\/en\/wp-json\/wp\/v2\/comments?post=16338"}],"version-history":[{"count":1,"href":"https:\/\/janjaprokic.com\/en\/wp-json\/wp\/v2\/pages\/16338\/revisions"}],"predecessor-version":[{"id":18942,"href":"https:\/\/janjaprokic.com\/en\/wp-json\/wp\/v2\/pages\/16338\/revisions\/18942"}],"wp:attachment":[{"href":"https:\/\/janjaprokic.com\/en\/wp-json\/wp\/v2\/media?parent=16338"}],"curies":[{"name":"wp","href":"https:\/\/api.w.org\/{rel}","templated":true}]}}