{"id":1522,"date":"2024-08-19T14:23:48","date_gmt":"2024-08-19T12:23:48","guid":{"rendered":"http:\/\/janjaprokic.com\/cart\/"},"modified":"2025-03-11T08:04:46","modified_gmt":"2025-03-11T07:04:46","slug":"kosik","status":"publish","type":"page","link":"https:\/\/janjaprokic.com\/en\/kosik\/","title":{"rendered":"Ko\u0161\u00edk"},"content":{"rendered":"\r\n<div data-block-name=\"woocommerce\/cart\" class=\"wp-block-woocommerce-cart alignwide is-loading\">\r\n<div data-block-name=\"woocommerce\/filled-cart-block\" class=\"wp-block-woocommerce-filled-cart-block\">\r\n<div data-block-name=\"woocommerce\/cart-items-block\" class=\"wp-block-woocommerce-cart-items-block\">\r\n<div data-block-name=\"woocommerce\/cart-line-items-block\" class=\"wp-block-woocommerce-cart-line-items-block\">\u00a0<\/div>\r\n\r\n\r\n\r\n<div data-block-name=\"woocommerce\/cart-cross-sells-block\" class=\"wp-block-woocommerce-cart-cross-sells-block\">\r\n<h2 class=\"wp-block-heading has-large-font-size\">Mohlo by se Ti l\u00edbit\u2026<\/h2>\r\n\r\n\r\n\r\n<div data-block-name=\"woocommerce\/cart-cross-sells-products-block\" class=\"wp-block-woocommerce-cart-cross-sells-products-block\">\u00a0<\/div>\r\n<\/div>\r\n<\/div>\r\n\r\n\r\n\r\n<div data-block-name=\"woocommerce\/cart-totals-block\" class=\"wp-block-woocommerce-cart-totals-block\">\r\n<div data-block-name=\"woocommerce\/cart-order-summary-block\" class=\"wp-block-woocommerce-cart-order-summary-block\">\r\n<div data-block-name=\"woocommerce\/cart-order-summary-heading-block\" class=\"wp-block-woocommerce-cart-order-summary-heading-block\">\u00a0<\/div>\r\n\r\n\r\n\r\n<div data-block-name=\"woocommerce\/cart-order-summary-coupon-form-block\" class=\"wp-block-woocommerce-cart-order-summary-coupon-form-block\">\u00a0<\/div>\r\n\r\n\r\n\r\n\r\n\r\n\r\n\r\n\r\n\r\n\r\n\r\n\r\n\r\n\r\n\r\n\r\n\r\n\r\n\r\n<div data-block-name=\"woocommerce\/cart-order-summary-totals-block\" class=\"wp-block-woocommerce-cart-order-summary-totals-block\">\n<div data-block-name=\"woocommerce\/cart-order-summary-subtotal-block\" class=\"wp-block-woocommerce-cart-order-summary-subtotal-block\">\u00a0<\/div>\n<div data-block-name=\"woocommerce\/cart-order-summary-discount-block\" class=\"wp-block-woocommerce-cart-order-summary-discount-block\">\u00a0<\/div>\n<div data-block-name=\"woocommerce\/cart-order-summary-fee-block\" class=\"wp-block-woocommerce-cart-order-summary-fee-block\">\u00a0<\/div>\n<div data-block-name=\"woocommerce\/cart-order-summary-shipping-block\" class=\"wp-block-woocommerce-cart-order-summary-shipping-block\">\u00a0<\/div>\n<div data-block-name=\"woocommerce\/cart-order-summary-taxes-block\" class=\"wp-block-woocommerce-cart-order-summary-taxes-block\">\u00a0<\/div><\/div>\r\n<\/div>\r\n\r\n\r\n\r\n<div data-block-name=\"woocommerce\/cart-express-payment-block\" class=\"wp-block-woocommerce-cart-express-payment-block\">\u00a0<\/div>\r\n\r\n\r\n\r\n<div data-block-name=\"woocommerce\/proceed-to-checkout-block\" class=\"wp-block-woocommerce-proceed-to-checkout-block\">\u00a0<\/div>\r\n<div id=\"ppcp-recaptcha-v2-container\" style=\"margin:20px 0;\"><\/div>\r\n\r\n\r\n<div data-block-name=\"woocommerce\/cart-accepted-payment-methods-block\" class=\"wp-block-woocommerce-cart-accepted-payment-methods-block\">\u00a0<\/div>\r\n<\/div>\r\n<\/div>\r\n\r\n\r\n\r\n<div data-block-name=\"woocommerce\/empty-cart-block\" class=\"wp-block-woocommerce-empty-cart-block\">\r\n<h2 class=\"wp-block-heading has-text-align-center with-empty-cart-icon wc-block-cart__empty-cart__title\">V\u00e1\u0161 ko\u0161\u00edk je aktu\u00e1ln\u011b pr\u00e1zdn\u00fd!<\/h2>\r\n\r\n\r\n<hr class=\"wp-block-separator has-alpha-channel-opacity is-style-dots\" \/>\r\n\r\n\r\n<h2 class=\"wp-block-heading has-text-align-center\">Novinka<\/h2>\r\n\r\n\r\n<div data-block-name=\"woocommerce\/product-new\" data-columns=\"4\" data-rows=\"1\" class=\"wc-block-grid wp-block-product-new wp-block-woocommerce-product-new wc-block-product-new has-4-columns\"><ul class=\"wc-block-grid__products\"><li class=\"wc-block-grid__product add-to-wishlist-before_image\"><div class=\"yith-add-to-wishlist-button-block\" data-product-id=\"30231\" data-attributes=\"{&quot;kind&quot;:&quot;button&quot;}\"><\/div><a href=\"https:\/\/janjaprokic.com\/en\/product\/engagement-ring-iris-with-sapphire\/\" class=\"wc-block-grid__product-link\">\n\t\t\t\t\t\n\t\t\t\t\t<div class=\"wc-block-grid__product-image\"><img decoding=\"async\" width=\"562\" height=\"562\" src=\"https:\/\/janjaprokic.com\/wp-content\/uploads\/2026\/01\/Zasnubni-prsten-Iris-zlute-zlato-ruzovy-safir-01-562x562.png\" class=\"attachment-woocommerce_thumbnail size-woocommerce_thumbnail lazyload\" alt=\"Engagement ring Iris with Sapphire\" srcset=\"data:image\/svg+xml,%3Csvg%20xmlns%3D%27http%3A%2F%2Fwww.w3.org%2F2000%2Fsvg%27%20width%3D%272060%27%20height%3D%272060%27%20viewBox%3D%270%200%202060%202060%27%3E%3Crect%20width%3D%272060%27%20height%3D%272060%27%20fill-opacity%3D%220%22%2F%3E%3C%2Fsvg%3E\" data-orig-src=\"https:\/\/janjaprokic.com\/wp-content\/uploads\/2026\/01\/Zasnubni-prsten-Iris-zlute-zlato-ruzovy-safir-01-562x562.png\" data-srcset=\"https:\/\/janjaprokic.com\/wp-content\/uploads\/2026\/01\/Zasnubni-prsten-Iris-zlute-zlato-ruzovy-safir-01-66x66.png 66w, https:\/\/janjaprokic.com\/wp-content\/uploads\/2026\/01\/Zasnubni-prsten-Iris-zlute-zlato-ruzovy-safir-01-150x150.png 150w, https:\/\/janjaprokic.com\/wp-content\/uploads\/2026\/01\/Zasnubni-prsten-Iris-zlute-zlato-ruzovy-safir-01-300x300.png 300w, https:\/\/janjaprokic.com\/wp-content\/uploads\/2026\/01\/Zasnubni-prsten-Iris-zlute-zlato-ruzovy-safir-01-400x400.png 400w, https:\/\/janjaprokic.com\/wp-content\/uploads\/2026\/01\/Zasnubni-prsten-Iris-zlute-zlato-ruzovy-safir-01-562x562.png 562w, https:\/\/janjaprokic.com\/wp-content\/uploads\/2026\/01\/Zasnubni-prsten-Iris-zlute-zlato-ruzovy-safir-01-700x700.png 700w, https:\/\/janjaprokic.com\/wp-content\/uploads\/2026\/01\/Zasnubni-prsten-Iris-zlute-zlato-ruzovy-safir-01-768x768.png 768w, https:\/\/janjaprokic.com\/wp-content\/uploads\/2026\/01\/Zasnubni-prsten-Iris-zlute-zlato-ruzovy-safir-01-1024x1024.png 1024w\" data-sizes=\"auto\" \/><\/div>\n\t\t\t\t\t<div class=\"wc-block-grid__product-title\">Engagement ring Iris with Sapphire<\/div>\n\t\t\t\t<\/a>\n\t\t\t\t<div class=\"wc-block-grid__product-price price\"><span class=\"woocommerce-Price-amount amount\">58&nbsp;000&nbsp;<span class=\"woocommerce-Price-currencySymbol\">&#075;&#269;<\/span><\/span><\/div>\n\t\t\t\t\n\t\t\t\t<div class=\"wp-block-button wc-block-grid__product-add-to-cart\"><a href=\"https:\/\/janjaprokic.com\/en\/product\/engagement-ring-iris-with-sapphire\/\" aria-label=\"Select options for &ldquo;Engagement ring Iris with Sapphire&rdquo;\" data-quantity=\"1\" data-product_id=\"30231\" data-product_sku=\"\" data-price=\"58000\" rel=\"nofollow\" class=\"wp-block-button__link  add_to_cart_button\">Select options<\/a><\/div>\n\t\t\t<\/li><li class=\"wc-block-grid__product add-to-wishlist-before_image\"><div class=\"yith-add-to-wishlist-button-block\" data-product-id=\"30215\" data-attributes=\"{&quot;kind&quot;:&quot;button&quot;}\"><\/div><a href=\"https:\/\/janjaprokic.com\/en\/product\/engagement-ring-iris-with-diamond\/\" class=\"wc-block-grid__product-link\">\n\t\t\t\t\t\n\t\t\t\t\t<div class=\"wc-block-grid__product-image\"><img decoding=\"async\" width=\"562\" height=\"562\" src=\"https:\/\/janjaprokic.com\/wp-content\/uploads\/2026\/01\/Zasnubni-prsten-Iris-zlute-zlato-briliant-GIA-01-562x562.png\" class=\"attachment-woocommerce_thumbnail size-woocommerce_thumbnail lazyload\" alt=\"Engagement ring Iris with Diamond\" srcset=\"data:image\/svg+xml,%3Csvg%20xmlns%3D%27http%3A%2F%2Fwww.w3.org%2F2000%2Fsvg%27%20width%3D%272060%27%20height%3D%272060%27%20viewBox%3D%270%200%202060%202060%27%3E%3Crect%20width%3D%272060%27%20height%3D%272060%27%20fill-opacity%3D%220%22%2F%3E%3C%2Fsvg%3E\" data-orig-src=\"https:\/\/janjaprokic.com\/wp-content\/uploads\/2026\/01\/Zasnubni-prsten-Iris-zlute-zlato-briliant-GIA-01-562x562.png\" data-srcset=\"https:\/\/janjaprokic.com\/wp-content\/uploads\/2026\/01\/Zasnubni-prsten-Iris-zlute-zlato-briliant-GIA-01-66x66.png 66w, https:\/\/janjaprokic.com\/wp-content\/uploads\/2026\/01\/Zasnubni-prsten-Iris-zlute-zlato-briliant-GIA-01-150x150.png 150w, https:\/\/janjaprokic.com\/wp-content\/uploads\/2026\/01\/Zasnubni-prsten-Iris-zlute-zlato-briliant-GIA-01-300x300.png 300w, https:\/\/janjaprokic.com\/wp-content\/uploads\/2026\/01\/Zasnubni-prsten-Iris-zlute-zlato-briliant-GIA-01-400x400.png 400w, https:\/\/janjaprokic.com\/wp-content\/uploads\/2026\/01\/Zasnubni-prsten-Iris-zlute-zlato-briliant-GIA-01-562x562.png 562w, https:\/\/janjaprokic.com\/wp-content\/uploads\/2026\/01\/Zasnubni-prsten-Iris-zlute-zlato-briliant-GIA-01-700x700.png 700w, https:\/\/janjaprokic.com\/wp-content\/uploads\/2026\/01\/Zasnubni-prsten-Iris-zlute-zlato-briliant-GIA-01-768x768.png 768w, https:\/\/janjaprokic.com\/wp-content\/uploads\/2026\/01\/Zasnubni-prsten-Iris-zlute-zlato-briliant-GIA-01-1024x1024.png 1024w\" data-sizes=\"auto\" \/><\/div>\n\t\t\t\t\t<div class=\"wc-block-grid__product-title\">Engagement ring Iris with Diamond<\/div>\n\t\t\t\t<\/a>\n\t\t\t\t<div class=\"wc-block-grid__product-price price\"><span class=\"woocommerce-Price-amount amount\">82&nbsp;000&nbsp;<span class=\"woocommerce-Price-currencySymbol\">&#075;&#269;<\/span><\/span><\/div>\n\t\t\t\t\n\t\t\t\t<div class=\"wp-block-button wc-block-grid__product-add-to-cart\"><a href=\"https:\/\/janjaprokic.com\/en\/product\/engagement-ring-iris-with-diamond\/\" aria-label=\"Select options for &ldquo;Engagement ring Iris with Diamond&rdquo;\" data-quantity=\"1\" data-product_id=\"30215\" data-product_sku=\"\" data-price=\"82000\" rel=\"nofollow\" class=\"wp-block-button__link  add_to_cart_button\">Select options<\/a><\/div>\n\t\t\t<\/li><li class=\"wc-block-grid__product add-to-wishlist-before_image\"><div class=\"yith-add-to-wishlist-button-block\" data-product-id=\"30246\" data-attributes=\"{&quot;kind&quot;:&quot;button&quot;}\"><\/div><a href=\"https:\/\/janjaprokic.com\/en\/product\/engagement-ring-iris-with-sapphire-kopirovat\/\" class=\"wc-block-grid__product-link\">\n\t\t\t\t\t\n\t\t\t\t\t<div class=\"wc-block-grid__product-image\"><img decoding=\"async\" width=\"562\" height=\"562\" src=\"https:\/\/janjaprokic.com\/wp-content\/uploads\/2026\/01\/Zasnubni-prsten-Iris-ruzove-zlato-safir-royal-blue-01-562x562.png\" class=\"attachment-woocommerce_thumbnail size-woocommerce_thumbnail lazyload\" alt=\"Engagement ring Iris with Sapphire\" srcset=\"data:image\/svg+xml,%3Csvg%20xmlns%3D%27http%3A%2F%2Fwww.w3.org%2F2000%2Fsvg%27%20width%3D%272060%27%20height%3D%272060%27%20viewBox%3D%270%200%202060%202060%27%3E%3Crect%20width%3D%272060%27%20height%3D%272060%27%20fill-opacity%3D%220%22%2F%3E%3C%2Fsvg%3E\" data-orig-src=\"https:\/\/janjaprokic.com\/wp-content\/uploads\/2026\/01\/Zasnubni-prsten-Iris-ruzove-zlato-safir-royal-blue-01-562x562.png\" data-srcset=\"https:\/\/janjaprokic.com\/wp-content\/uploads\/2026\/01\/Zasnubni-prsten-Iris-ruzove-zlato-safir-royal-blue-01-66x66.png 66w, https:\/\/janjaprokic.com\/wp-content\/uploads\/2026\/01\/Zasnubni-prsten-Iris-ruzove-zlato-safir-royal-blue-01-150x150.png 150w, https:\/\/janjaprokic.com\/wp-content\/uploads\/2026\/01\/Zasnubni-prsten-Iris-ruzove-zlato-safir-royal-blue-01-300x300.png 300w, https:\/\/janjaprokic.com\/wp-content\/uploads\/2026\/01\/Zasnubni-prsten-Iris-ruzove-zlato-safir-royal-blue-01-400x400.png 400w, https:\/\/janjaprokic.com\/wp-content\/uploads\/2026\/01\/Zasnubni-prsten-Iris-ruzove-zlato-safir-royal-blue-01-562x562.png 562w, https:\/\/janjaprokic.com\/wp-content\/uploads\/2026\/01\/Zasnubni-prsten-Iris-ruzove-zlato-safir-royal-blue-01-700x700.png 700w, https:\/\/janjaprokic.com\/wp-content\/uploads\/2026\/01\/Zasnubni-prsten-Iris-ruzove-zlato-safir-royal-blue-01-768x768.png 768w, https:\/\/janjaprokic.com\/wp-content\/uploads\/2026\/01\/Zasnubni-prsten-Iris-ruzove-zlato-safir-royal-blue-01-1024x1024.png 1024w\" data-sizes=\"auto\" \/><\/div>\n\t\t\t\t\t<div class=\"wc-block-grid__product-title\">Engagement ring Iris with Sapphire<\/div>\n\t\t\t\t<\/a>\n\t\t\t\t<div class=\"wc-block-grid__product-price price\"><span class=\"woocommerce-Price-amount amount\">64&nbsp;800&nbsp;<span class=\"woocommerce-Price-currencySymbol\">&#075;&#269;<\/span><\/span><\/div>\n\t\t\t\t\n\t\t\t\t<div class=\"wp-block-button wc-block-grid__product-add-to-cart\"><a href=\"https:\/\/janjaprokic.com\/en\/product\/engagement-ring-iris-with-sapphire-kopirovat\/\" aria-label=\"Select options for &ldquo;Engagement ring Iris with Sapphire&rdquo;\" data-quantity=\"1\" data-product_id=\"30246\" data-product_sku=\"\" data-price=\"64800\" rel=\"nofollow\" class=\"wp-block-button__link  add_to_cart_button\">Select options<\/a><\/div>\n\t\t\t<\/li><li class=\"wc-block-grid__product add-to-wishlist-before_image\"><div class=\"yith-add-to-wishlist-button-block\" data-product-id=\"29608\" data-attributes=\"{&quot;kind&quot;:&quot;button&quot;}\"><\/div><a href=\"https:\/\/janjaprokic.com\/en\/product\/mini-sacred-heart-ring-kopirovat\/\" class=\"wc-block-grid__product-link\">\n\t\t\t\t\t\n\t\t\t\t\t<div class=\"wc-block-grid__product-image\"><img decoding=\"async\" width=\"562\" height=\"562\" src=\"https:\/\/janjaprokic.com\/wp-content\/uploads\/2019\/03\/Prsten-mini-svate-srdce-zlute-zlato-01-562x562.png\" class=\"attachment-woocommerce_thumbnail size-woocommerce_thumbnail lazyload\" alt=\"Mini Sacred Heart Ring\" srcset=\"data:image\/svg+xml,%3Csvg%20xmlns%3D%27http%3A%2F%2Fwww.w3.org%2F2000%2Fsvg%27%20width%3D%271000%27%20height%3D%271000%27%20viewBox%3D%270%200%201000%201000%27%3E%3Crect%20width%3D%271000%27%20height%3D%271000%27%20fill-opacity%3D%220%22%2F%3E%3C%2Fsvg%3E\" data-orig-src=\"https:\/\/janjaprokic.com\/wp-content\/uploads\/2019\/03\/Prsten-mini-svate-srdce-zlute-zlato-01-562x562.png\" data-srcset=\"https:\/\/janjaprokic.com\/wp-content\/uploads\/2019\/03\/Prsten-mini-svate-srdce-zlute-zlato-01-66x66.png 66w, https:\/\/janjaprokic.com\/wp-content\/uploads\/2019\/03\/Prsten-mini-svate-srdce-zlute-zlato-01-150x150.png 150w, https:\/\/janjaprokic.com\/wp-content\/uploads\/2019\/03\/Prsten-mini-svate-srdce-zlute-zlato-01-300x300.png 300w, https:\/\/janjaprokic.com\/wp-content\/uploads\/2019\/03\/Prsten-mini-svate-srdce-zlute-zlato-01-400x400.png 400w, https:\/\/janjaprokic.com\/wp-content\/uploads\/2019\/03\/Prsten-mini-svate-srdce-zlute-zlato-01-562x562.png 562w, https:\/\/janjaprokic.com\/wp-content\/uploads\/2019\/03\/Prsten-mini-svate-srdce-zlute-zlato-01-700x700.png 700w, https:\/\/janjaprokic.com\/wp-content\/uploads\/2019\/03\/Prsten-mini-svate-srdce-zlute-zlato-01-768x768.png 768w, https:\/\/janjaprokic.com\/wp-content\/uploads\/2019\/03\/Prsten-mini-svate-srdce-zlute-zlato-01.png 1000w\" data-sizes=\"auto\" \/><\/div>\n\t\t\t\t\t<div class=\"wc-block-grid__product-title\">Mini Sacred Heart Ring<\/div>\n\t\t\t\t<\/a>\n\t\t\t\t<div class=\"wc-block-grid__product-price price\"><span class=\"woocommerce-Price-amount amount\">12&nbsp;600&nbsp;<span class=\"woocommerce-Price-currencySymbol\">&#075;&#269;<\/span><\/span><\/div>\n\t\t\t\t\n\t\t\t\t<div class=\"wp-block-button wc-block-grid__product-add-to-cart\"><a href=\"https:\/\/janjaprokic.com\/en\/product\/mini-sacred-heart-ring-kopirovat\/\" aria-label=\"Select options for &ldquo;Mini Sacred Heart Ring&rdquo;\" data-quantity=\"1\" data-product_id=\"29608\" data-product_sku=\"\" data-price=\"10900\" rel=\"nofollow\" class=\"wp-block-button__link  add_to_cart_button\">Select options<\/a><\/div>\n\t\t\t<\/li><\/ul><\/div><\/div>\r\n<\/div>\r\n","protected":false},"excerpt":{"rendered":"","protected":false},"author":1,"featured_media":0,"parent":0,"menu_order":0,"comment_status":"closed","ping_status":"closed","template":"","meta":{"_acf_changed":false,"footnotes":""},"class_list":["post-1522","page","type-page","status-publish","hentry"],"acf":[],"yoast_head":"<!-- This site is optimized with the Yoast SEO plugin v25.6 - https:\/\/yoast.com\/wordpress\/plugins\/seo\/ -->\n<title>Ko\u0161\u00edk - Janja Proki\u0107<\/title>\n<meta name=\"robots\" content=\"index, follow, max-snippet:-1, max-image-preview:large, max-video-preview:-1\" \/>\n<link rel=\"canonical\" href=\"https:\/\/janjaprokic.com\/en\/kosik\/\" \/>\n<meta property=\"og:locale\" content=\"en_US\" \/>\n<meta property=\"og:type\" content=\"article\" \/>\n<meta property=\"og:title\" content=\"Ko\u0161\u00edk - Janja Proki\u0107\" \/>\n<meta property=\"og:url\" content=\"https:\/\/janjaprokic.com\/en\/kosik\/\" \/>\n<meta property=\"og:site_name\" content=\"Janja Proki\u0107\" \/>\n<meta property=\"article:modified_time\" content=\"2025-03-11T07:04:46+00:00\" \/>\n<meta name=\"twitter:card\" content=\"summary_large_image\" \/>\n<script type=\"application\/ld+json\" class=\"yoast-schema-graph\">{\"@context\":\"https:\/\/schema.org\",\"@graph\":[{\"@type\":\"WebPage\",\"@id\":\"https:\/\/janjaprokic.com\/en\/kosik\/\",\"url\":\"https:\/\/janjaprokic.com\/en\/kosik\/\",\"name\":\"Ko\u0161\u00edk - Janja Proki\u0107\",\"isPartOf\":{\"@id\":\"https:\/\/janjaprokic.com\/#website\"},\"datePublished\":\"2024-08-19T12:23:48+00:00\",\"dateModified\":\"2025-03-11T07:04:46+00:00\",\"breadcrumb\":{\"@id\":\"https:\/\/janjaprokic.com\/en\/kosik\/#breadcrumb\"},\"inLanguage\":\"en-US\",\"potentialAction\":[{\"@type\":\"ReadAction\",\"target\":[\"https:\/\/janjaprokic.com\/en\/kosik\/\"]}]},{\"@type\":\"BreadcrumbList\",\"@id\":\"https:\/\/janjaprokic.com\/en\/kosik\/#breadcrumb\",\"itemListElement\":[{\"@type\":\"ListItem\",\"position\":1,\"name\":\"Dom\u016f\",\"item\":\"https:\/\/janjaprokic.com\/en\/\"},{\"@type\":\"ListItem\",\"position\":2,\"name\":\"Ko\u0161\u00edk\"}]},{\"@type\":\"WebSite\",\"@id\":\"https:\/\/janjaprokic.com\/#website\",\"url\":\"https:\/\/janjaprokic.com\/\",\"name\":\"Janja Proki\u0107\",\"description\":\"V\u00edce ne\u017e \u0161perky\",\"publisher\":{\"@id\":\"https:\/\/janjaprokic.com\/#\/schema\/person\/df679b5592370f06b575ef01e09af8fa\"},\"potentialAction\":[{\"@type\":\"SearchAction\",\"target\":{\"@type\":\"EntryPoint\",\"urlTemplate\":\"https:\/\/janjaprokic.com\/?s={search_term_string}\"},\"query-input\":{\"@type\":\"PropertyValueSpecification\",\"valueRequired\":true,\"valueName\":\"search_term_string\"}}],\"inLanguage\":\"en-US\"},{\"@type\":[\"Person\",\"Organization\"],\"@id\":\"https:\/\/janjaprokic.com\/#\/schema\/person\/df679b5592370f06b575ef01e09af8fa\",\"name\":\"janjaprokic\",\"image\":{\"@type\":\"ImageObject\",\"inLanguage\":\"en-US\",\"@id\":\"https:\/\/janjaprokic.com\/#\/schema\/person\/image\/\",\"url\":\"https:\/\/janjaprokic.com\/wp-content\/uploads\/2025\/06\/Jan-Zima-JT-Banka-2025-04-scaled-e1749048016724.jpg\",\"contentUrl\":\"https:\/\/janjaprokic.com\/wp-content\/uploads\/2025\/06\/Jan-Zima-JT-Banka-2025-04-scaled-e1749048016724.jpg\",\"width\":1920,\"height\":1290,\"caption\":\"janjaprokic\"},\"logo\":{\"@id\":\"https:\/\/janjaprokic.com\/#\/schema\/person\/image\/\"}}]}<\/script>\n<!-- \/ Yoast SEO plugin. -->","yoast_head_json":{"title":"Ko\u0161\u00edk - Janja Proki\u0107","robots":{"index":"index","follow":"follow","max-snippet":"max-snippet:-1","max-image-preview":"max-image-preview:large","max-video-preview":"max-video-preview:-1"},"canonical":"https:\/\/janjaprokic.com\/en\/kosik\/","og_locale":"en_US","og_type":"article","og_title":"Ko\u0161\u00edk - Janja Proki\u0107","og_url":"https:\/\/janjaprokic.com\/en\/kosik\/","og_site_name":"Janja Proki\u0107","article_modified_time":"2025-03-11T07:04:46+00:00","twitter_card":"summary_large_image","schema":{"@context":"https:\/\/schema.org","@graph":[{"@type":"WebPage","@id":"https:\/\/janjaprokic.com\/en\/kosik\/","url":"https:\/\/janjaprokic.com\/en\/kosik\/","name":"Ko\u0161\u00edk - Janja Proki\u0107","isPartOf":{"@id":"https:\/\/janjaprokic.com\/#website"},"datePublished":"2024-08-19T12:23:48+00:00","dateModified":"2025-03-11T07:04:46+00:00","breadcrumb":{"@id":"https:\/\/janjaprokic.com\/en\/kosik\/#breadcrumb"},"inLanguage":"en-US","potentialAction":[{"@type":"ReadAction","target":["https:\/\/janjaprokic.com\/en\/kosik\/"]}]},{"@type":"BreadcrumbList","@id":"https:\/\/janjaprokic.com\/en\/kosik\/#breadcrumb","itemListElement":[{"@type":"ListItem","position":1,"name":"Dom\u016f","item":"https:\/\/janjaprokic.com\/en\/"},{"@type":"ListItem","position":2,"name":"Ko\u0161\u00edk"}]},{"@type":"WebSite","@id":"https:\/\/janjaprokic.com\/#website","url":"https:\/\/janjaprokic.com\/","name":"Janja Proki\u0107","description":"V\u00edce ne\u017e \u0161perky","publisher":{"@id":"https:\/\/janjaprokic.com\/#\/schema\/person\/df679b5592370f06b575ef01e09af8fa"},"potentialAction":[{"@type":"SearchAction","target":{"@type":"EntryPoint","urlTemplate":"https:\/\/janjaprokic.com\/?s={search_term_string}"},"query-input":{"@type":"PropertyValueSpecification","valueRequired":true,"valueName":"search_term_string"}}],"inLanguage":"en-US"},{"@type":["Person","Organization"],"@id":"https:\/\/janjaprokic.com\/#\/schema\/person\/df679b5592370f06b575ef01e09af8fa","name":"janjaprokic","image":{"@type":"ImageObject","inLanguage":"en-US","@id":"https:\/\/janjaprokic.com\/#\/schema\/person\/image\/","url":"https:\/\/janjaprokic.com\/wp-content\/uploads\/2025\/06\/Jan-Zima-JT-Banka-2025-04-scaled-e1749048016724.jpg","contentUrl":"https:\/\/janjaprokic.com\/wp-content\/uploads\/2025\/06\/Jan-Zima-JT-Banka-2025-04-scaled-e1749048016724.jpg","width":1920,"height":1290,"caption":"janjaprokic"},"logo":{"@id":"https:\/\/janjaprokic.com\/#\/schema\/person\/image\/"}}]}},"_links":{"self":[{"href":"https:\/\/janjaprokic.com\/en\/wp-json\/wp\/v2\/pages\/1522","targetHints":{"allow":["GET"]}}],"collection":[{"href":"https:\/\/janjaprokic.com\/en\/wp-json\/wp\/v2\/pages"}],"about":[{"href":"https:\/\/janjaprokic.com\/en\/wp-json\/wp\/v2\/types\/page"}],"author":[{"embeddable":true,"href":"https:\/\/janjaprokic.com\/en\/wp-json\/wp\/v2\/users\/1"}],"replies":[{"embeddable":true,"href":"https:\/\/janjaprokic.com\/en\/wp-json\/wp\/v2\/comments?post=1522"}],"version-history":[{"count":0,"href":"https:\/\/janjaprokic.com\/en\/wp-json\/wp\/v2\/pages\/1522\/revisions"}],"wp:attachment":[{"href":"https:\/\/janjaprokic.com\/en\/wp-json\/wp\/v2\/media?parent=1522"}],"curies":[{"name":"wp","href":"https:\/\/api.w.org\/{rel}","templated":true}]}}